{"id":143,"date":"2015-12-07T07:08:04","date_gmt":"2015-12-07T07:08:04","guid":{"rendered":"http:\/\/piekarniajw.pl\/?page_id=143"},"modified":"2026-03-30T11:30:20","modified_gmt":"2026-03-30T10:30:20","slug":"wyroby-piekarnicze","status":"publish","type":"page","link":"https:\/\/piekarniawitaszczyk.pl\/?page_id=143","title":{"rendered":"WYROBY PIEKARNICZE"},"content":{"rendered":"<p>Nasze pieczywo powstaje tak jak 80 lat temu \u2013 na naturalnym zakwasie, kt\u00f3ry prowadzimy nieprzerwanie od pokole\u0144, z r\u0119cznie wyrabianego ciasta. Znajdziecie tu chleby \u017cytnie, pszenne i mieszane, bu\u0142ki drobne oraz pieczywo dla os\u00f3b dbaj\u0105cych o diet\u0119 \u2013 w tym chleby o niskim indeksie glikemicznym i wypieki dla cukrzyk\u00f3w.<\/p>\n<p>&nbsp;<\/p>\n<table>\n<tbody>\n<tr>\n<td>\n<h1>Chleby<\/h1>\n<\/td>\n<td>\n<h1>Bu\u0142ki drobne<\/h1>\n<\/td>\n<td>\n<h1>Pozosta\u0142e pieczywa<\/h1>\n<\/td>\n<\/tr>\n<tr>\n<td><a href=\"http:\/\/piekarniawitaszczyk.pl\/?page_id=680\">Chleb pszenny<\/a><\/td>\n<td><a href=\"http:\/\/piekarniawitaszczyk.pl\/?page_id=895\">Bu\u0142eczka francuska<\/a><\/td>\n<td><a href=\"http:\/\/piekarniawitaszczyk.pl\/?page_id=953\">Cha\u0142ka pleciona<\/a><\/td>\n<\/tr>\n<tr>\n<td><a href=\"http:\/\/piekarniawitaszczyk.pl\/?page_id=777\">Chleb formowy<\/a><\/td>\n<td><a href=\"http:\/\/piekarniawitaszczyk.pl\/?page_id=873\">Bu\u0142ka kajzerka<\/a><\/td>\n<td><a href=\"http:\/\/piekarniawitaszczyk.pl\/?page_id=934\">Bagietka wiejska<\/a><\/td>\n<\/tr>\n<tr>\n<td><a href=\"http:\/\/piekarniawitaszczyk.pl\/?page_id=774\">Chleb barowy<\/a><\/td>\n<td><a href=\"http:\/\/piekarniawitaszczyk.pl\/?page_id=882\">Bu\u0142ka grahamka paluch<\/a><\/td>\n<td><a href=\"http:\/\/piekarniawitaszczyk.pl\/?page_id=937\">Bagietka Chia-Goja<\/a><\/td>\n<\/tr>\n<tr>\n<td><a href=\"http:\/\/piekarniawitaszczyk.pl\/?page_id=853\">Chleb razowy<\/a><\/td>\n<td><a href=\"http:\/\/piekarniawitaszczyk.pl\/?page_id=893\">Bu\u0142ka sznytka<\/a><\/td>\n<td><a href=\"http:\/\/piekarniawitaszczyk.pl\/?page_id=940\">Bagietka w\u0142oska<\/a><\/td>\n<\/tr>\n<tr>\n<td><a href=\"http:\/\/piekarniawitaszczyk.pl\/?page_id=857\">Chleb razowy z ziarnem<\/a><\/td>\n<td><a href=\"http:\/\/piekarniawitaszczyk.pl\/?page_id=876\">Bu\u0142ka paluszek<\/a><\/td>\n<td><a href=\"http:\/\/piekarniawitaszczyk.pl\/?page_id=956\">Paluch dro\u017cd\u017cowo-ma\u015blany<\/a><\/td>\n<\/tr>\n<tr>\n<td><a href=\"http:\/\/piekarniawitaszczyk.pl\/?page_id=762\">Chleb w\u00f3jta z pomidorami<\/a><\/td>\n<td>Bu\u0142ka pozna\u0144ska<\/td>\n<td><a href=\"http:\/\/piekarniawitaszczyk.pl\/?page_id=950\">Rogalik ma\u015blany<\/a><\/td>\n<\/tr>\n<tr>\n<td><a href=\"http:\/\/piekarniawitaszczyk.pl\/?page_id=790\">Chleb orkiszowy<\/a><\/td>\n<td>Bu\u0142ka sojowa<\/td>\n<td><a href=\"http:\/\/piekarniawitaszczyk.pl\/?page_id=965\">Pizza z serem<\/a><\/td>\n<\/tr>\n<tr>\n<td><a href=\"http:\/\/piekarniawitaszczyk.pl\/?page_id=780\">Chleb kr\u00f3lewski<\/a><\/td>\n<td><a href=\"http:\/\/piekarniawitaszczyk.pl\/?page_id=870\">Bu\u0142ka wyborowa<\/a><\/td>\n<td><a href=\"http:\/\/piekarniawitaszczyk.pl\/?page_id=969\">Pizza z salami<\/a><\/td>\n<\/tr>\n<tr>\n<td><a href=\"http:\/\/piekarniawitaszczyk.pl\/?page_id=782\">Chleb wiejski<\/a><\/td>\n<td><a href=\"http:\/\/piekarniawitaszczyk.pl\/?page_id=885\">Bu\u0142ka \u017cytnia<\/a><\/td>\n<td><a href=\"http:\/\/piekarniawitaszczyk.pl\/?page_id=975\">Pizza hawajska<\/a><\/td>\n<\/tr>\n<tr>\n<td>Chleb wiejski du\u017cy<\/td>\n<td><a href=\"http:\/\/piekarniawitaszczyk.pl\/?page_id=890\">Ciabatta<\/a><\/td>\n<td><a href=\"http:\/\/piekarniawitaszczyk.pl\/?page_id=971\">Pizza wegetaria\u0144ska<\/a><\/td>\n<\/tr>\n<tr>\n<td><a href=\"http:\/\/piekarniawitaszczyk.pl\/?page_id=788\">Chleb dworski<\/a><\/td>\n<td><a href=\"http:\/\/piekarniawitaszczyk.pl\/?page_id=879\">Bu\u0142ka grahamka<\/a><\/td>\n<td><a href=\"http:\/\/piekarniawitaszczyk.pl\/?page_id=978\">Blaty pizzowe 2 szt.<\/a><\/td>\n<\/tr>\n<tr>\n<td><a href=\"http:\/\/piekarniawitaszczyk.pl\/?page_id=785\">Chleb gospodarski<\/a><\/td>\n<td><a href=\"http:\/\/piekarniawitaszczyk.pl\/?page_id=907\">Bu\u0142ka alpejska<\/a><\/td>\n<td><a href=\"http:\/\/piekarniawitaszczyk.pl\/?page_id=981\">Paluch prowansalski<\/a><\/td>\n<\/tr>\n<tr>\n<td><a href=\"http:\/\/piekarniawitaszczyk.pl\/?page_id=863\">Chleb czystoziarnisty<\/a><\/td>\n<td><a href=\"http:\/\/piekarniawitaszczyk.pl\/?page_id=909\">Bu\u0142ka alpejska mini<\/a><\/td>\n<td><a href=\"http:\/\/piekarniawitaszczyk.pl\/?page_id=984\">Zapiekanka<\/a><\/td>\n<\/tr>\n<tr>\n<td><a href=\"http:\/\/piekarniawitaszczyk.pl\/?page_id=680\">Chleb s\u0142owia\u0144ski<\/a><\/td>\n<td><a href=\"http:\/\/piekarniawitaszczyk.pl\/?page_id=924\">Bu\u0142ka chia-goja<\/a><\/td>\n<td>Bu\u0142ka tarta.0.5 kg<\/td>\n<\/tr>\n<tr>\n<td><a href=\"http:\/\/piekarniawitaszczyk.pl\/?page_id=760\">Chleb Baltazar<\/a><\/td>\n<td><a href=\"http:\/\/piekarniawitaszczyk.pl\/?page_id=915\">Bu\u0142ka Mamma mia<\/a><\/td>\n<td><\/td>\n<\/tr>\n<tr>\n<td><a href=\"http:\/\/piekarniawitaszczyk.pl\/?page_id=839\">Chleb \u017cytni z \u017curawin\u0105<\/a><\/td>\n<td><a href=\"http:\/\/piekarniawitaszczyk.pl\/?page_id=898\">Rogalik francuski<\/a><\/td>\n<td><\/td>\n<\/tr>\n<tr>\n<td><a href=\"http:\/\/piekarniawitaszczyk.pl\/?page_id=836\">Chleb pe\u0142no\u017cytni<\/a><\/td>\n<td><a href=\"http:\/\/piekarniawitaszczyk.pl\/?page_id=887\">Bu\u0142ka wiejska<\/a><\/td>\n<td><\/td>\n<\/tr>\n<tr>\n<td><a href=\"http:\/\/piekarniawitaszczyk.pl\/?page_id=844\">Chleb tropikalny<\/a><\/td>\n<td><a href=\"http:\/\/piekarniawitaszczyk.pl\/?page_id=912\">Bu\u0142ka kukurydziana<\/a><\/td>\n<td><\/td>\n<\/tr>\n<tr>\n<td><a href=\"http:\/\/piekarniawitaszczyk.pl\/?page_id=813\">Chleb wile\u0144ski<\/a><\/td>\n<td>Paluch prowansalski<\/td>\n<td><\/td>\n<\/tr>\n<tr>\n<td><a href=\"http:\/\/piekarniawitaszczyk.pl\/?page_id=803\">Chleb witalny<\/a><\/td>\n<td>Paluszek Fitness<\/td>\n<td><\/td>\n<\/tr>\n<tr>\n<td>Chleb ziarnowita<\/td>\n<td><a href=\"http:\/\/piekarniawitaszczyk.pl\/?page_id=918\">Bu\u0142ka orkiszowa<\/a><\/td>\n<td><\/td>\n<\/tr>\n<tr>\n<td><a href=\"http:\/\/piekarniawitaszczyk.pl\/?page_id=764\">Chleb IG<\/a><\/td>\n<td><a href=\"http:\/\/piekarniawitaszczyk.pl\/?page_id=921\">Bu\u0142ka z amarantusem<\/a><\/td>\n<td><\/td>\n<\/tr>\n<tr>\n<td><a href=\"http:\/\/piekarniawitaszczyk.pl\/?page_id=797\">Chleb rodzinny<\/a><\/td>\n<td>Bu\u0142ka j\u0119czmienna<\/td>\n<td><\/td>\n<\/tr>\n<tr>\n<td><a href=\"http:\/\/piekarniawitaszczyk.pl\/?page_id=800\">Chleb Amarantus<\/a><\/td>\n<td><\/td>\n<td><\/td>\n<\/tr>\n<tr>\n<td><a href=\"http:\/\/piekarniawitaszczyk.pl\/?page_id=807\">Chleb cesarski<\/a><\/td>\n<td><\/td>\n<td><\/td>\n<\/tr>\n<tr>\n<td><a href=\"http:\/\/piekarniawitaszczyk.pl\/?page_id=841\">Chleb du\u0144ski<\/a><\/td>\n<td><\/td>\n<td><\/td>\n<\/tr>\n<tr>\n<td><a href=\"http:\/\/piekarniawitaszczyk.pl\/?page_id=810\">Chleb w\u0142oski<\/a><\/td>\n<td><\/td>\n<td><\/td>\n<\/tr>\n<tr>\n<td>Chleb Krajan<\/td>\n<td><\/td>\n<td><\/td>\n<\/tr>\n<tr>\n<td><a href=\"http:\/\/piekarniawitaszczyk.pl\/?page_id=767\">Chleb Gosport<\/a><\/td>\n<td><\/td>\n<td><\/td>\n<\/tr>\n<tr>\n<td><a href=\"http:\/\/piekarniawitaszczyk.pl\/?page_id=793\">Chleb gwarek<\/a><\/td>\n<td><\/td>\n<td><\/td>\n<\/tr>\n<tr>\n<td><a href=\"http:\/\/piekarniawitaszczyk.pl\/?page_id=816\">Chleb ma\u015blankowy<\/a><\/td>\n<td><\/td>\n<td><\/td>\n<\/tr>\n<tr>\n<td><a href=\"http:\/\/piekarniawitaszczyk.pl\/?page_id=819\">Chleb Siemitek<\/a><\/td>\n<td><\/td>\n<td><\/td>\n<\/tr>\n<tr>\n<td><a href=\"http:\/\/piekarniawitaszczyk.pl\/?page_id=847\">Chleb \u017cytni dawny<\/a><\/td>\n<td><\/td>\n<td><\/td>\n<\/tr>\n<\/tbody>\n<\/table>\n","protected":false},"excerpt":{"rendered":"<p>Nasze pieczywo powstaje tak jak 80 lat temu \u2013 na naturalnym zakwasie, kt\u00f3ry prowadzimy nieprzerwanie od pokole\u0144, z r\u0119cznie wyrabianego ciasta. Znajdziecie tu chleby \u017cytnie, pszenne i mieszane, bu\u0142ki drobne oraz pieczywo dla os\u00f3b dbaj\u0105cych o diet\u0119 \u2013 w tym chleby o niskim indeksie glikemicznym i wypieki dla cukrzyk\u00f3w. &nbsp; Chleby Bu\u0142ki drobne Pozosta\u0142e pieczywa Chleb pszenny Bu\u0142eczka francuska Cha\u0142ka pleciona Chleb formowy Bu\u0142ka kajzerka Bagietka wiejska Chleb barowy Bu\u0142ka grahamka paluch Bagietka Chia-Goja Chleb razowy Bu\u0142ka sznytka Bagietka w\u0142oska Chleb razowy z ziarnem Bu\u0142ka paluszek Paluch dro\u017cd\u017cowo-ma\u015blany Chleb w\u00f3jta z pomidorami Bu\u0142ka pozna\u0144ska Rogalik ma\u015blany Chleb orkiszowy Bu\u0142ka sojowa&#8230; <\/p>\n","protected":false},"author":1,"featured_media":0,"parent":51,"menu_order":1,"comment_status":"closed","ping_status":"closed","template":"","meta":{"footnotes":""},"class_list":["post-143","page","type-page","status-publish","hentry"],"yoast_head":"<!-- This site is optimized with the Yoast SEO plugin v27.2 - https:\/\/yoast.com\/product\/yoast-seo-wordpress\/ -->\n<title>WYROBY PIEKARNICZE - Piekarnia Witaszczyk \u2013 tradycyjna piekarnia w Milan\u00f3wku<\/title>\n<meta name=\"robots\" content=\"index, follow, max-snippet:-1, max-image-preview:large, max-video-preview:-1\" \/>\n<link rel=\"canonical\" href=\"https:\/\/piekarniawitaszczyk.pl\/?page_id=143\" \/>\n<meta property=\"og:locale\" content=\"pl_PL\" \/>\n<meta property=\"og:type\" content=\"article\" \/>\n<meta property=\"og:title\" content=\"WYROBY PIEKARNICZE - Piekarnia Witaszczyk \u2013 tradycyjna piekarnia w Milan\u00f3wku\" \/>\n<meta property=\"og:description\" content=\"Nasze pieczywo powstaje tak jak 80 lat temu \u2013 na naturalnym zakwasie, kt\u00f3ry prowadzimy nieprzerwanie od pokole\u0144, z r\u0119cznie wyrabianego ciasta. Znajdziecie tu chleby \u017cytnie, pszenne i mieszane, bu\u0142ki drobne oraz pieczywo dla os\u00f3b dbaj\u0105cych o diet\u0119 \u2013 w tym chleby o niskim indeksie glikemicznym i wypieki dla cukrzyk\u00f3w. &nbsp; Chleby Bu\u0142ki drobne Pozosta\u0142e pieczywa Chleb pszenny Bu\u0142eczka francuska Cha\u0142ka pleciona Chleb formowy Bu\u0142ka kajzerka Bagietka wiejska Chleb barowy Bu\u0142ka grahamka paluch Bagietka Chia-Goja Chleb razowy Bu\u0142ka sznytka Bagietka w\u0142oska Chleb razowy z ziarnem Bu\u0142ka paluszek Paluch dro\u017cd\u017cowo-ma\u015blany Chleb w\u00f3jta z pomidorami Bu\u0142ka pozna\u0144ska Rogalik ma\u015blany Chleb orkiszowy Bu\u0142ka sojowa...\" \/>\n<meta property=\"og:url\" content=\"https:\/\/piekarniawitaszczyk.pl\/?page_id=143\" \/>\n<meta property=\"og:site_name\" content=\"Piekarnia Witaszczyk \u2013 tradycyjna piekarnia w Milan\u00f3wku\" \/>\n<meta property=\"article:publisher\" content=\"https:\/\/www.facebook.com\/piekarniawitaszczyk\" \/>\n<meta property=\"article:modified_time\" content=\"2026-03-30T10:30:20+00:00\" \/>\n<meta name=\"twitter:card\" content=\"summary_large_image\" \/>\n<meta name=\"twitter:label1\" content=\"Szacowany czas czytania\" \/>\n\t<meta name=\"twitter:data1\" content=\"2 minuty\" \/>\n<script type=\"application\/ld+json\" class=\"yoast-schema-graph\">{\"@context\":\"https:\/\/schema.org\",\"@graph\":[{\"@type\":\"WebPage\",\"@id\":\"https:\/\/piekarniawitaszczyk.pl\/?page_id=143\",\"url\":\"https:\/\/piekarniawitaszczyk.pl\/?page_id=143\",\"name\":\"WYROBY PIEKARNICZE - Piekarnia Witaszczyk \u2013 tradycyjna piekarnia w Milan\u00f3wku\",\"isPartOf\":{\"@id\":\"https:\/\/piekarniawitaszczyk.pl\/#website\"},\"datePublished\":\"2015-12-07T07:08:04+00:00\",\"dateModified\":\"2026-03-30T10:30:20+00:00\",\"breadcrumb\":{\"@id\":\"https:\/\/piekarniawitaszczyk.pl\/?page_id=143#breadcrumb\"},\"inLanguage\":\"pl-PL\",\"potentialAction\":[{\"@type\":\"ReadAction\",\"target\":[\"https:\/\/piekarniawitaszczyk.pl\/?page_id=143\"]}]},{\"@type\":\"BreadcrumbList\",\"@id\":\"https:\/\/piekarniawitaszczyk.pl\/?page_id=143#breadcrumb\",\"itemListElement\":[{\"@type\":\"ListItem\",\"position\":1,\"name\":\"Strona g\u0142\u00f3wna\",\"item\":\"https:\/\/piekarniawitaszczyk.pl\/\"},{\"@type\":\"ListItem\",\"position\":2,\"name\":\"PRODUKTY\",\"item\":\"https:\/\/piekarniawitaszczyk.pl\/?page_id=51\"},{\"@type\":\"ListItem\",\"position\":3,\"name\":\"WYROBY PIEKARNICZE\"}]},{\"@type\":\"WebSite\",\"@id\":\"https:\/\/piekarniawitaszczyk.pl\/#website\",\"url\":\"https:\/\/piekarniawitaszczyk.pl\/\",\"name\":\"Piekarnia Witaszczyk \u2013 tradycyjna piekarnia w Milan\u00f3wku\",\"description\":\"Chleb na zakwasie, ciasta, sklepo-kawiarnie \u2013 Milan\u00f3wek, Grodzisk Mazowiecki, Brwin\u00f3w, Otr\u0119busy, Jaktor\u00f3w, Mi\u0119dzybor\u00f3w, \u017byrard\u00f3w\",\"publisher\":{\"@id\":\"https:\/\/piekarniawitaszczyk.pl\/#organization\"},\"potentialAction\":[{\"@type\":\"SearchAction\",\"target\":{\"@type\":\"EntryPoint\",\"urlTemplate\":\"https:\/\/piekarniawitaszczyk.pl\/?s={search_term_string}\"},\"query-input\":{\"@type\":\"PropertyValueSpecification\",\"valueRequired\":true,\"valueName\":\"search_term_string\"}}],\"inLanguage\":\"pl-PL\"},{\"@type\":\"Organization\",\"@id\":\"https:\/\/piekarniawitaszczyk.pl\/#organization\",\"name\":\"Piekarnia Witaszczyk zp. z o.o.\",\"url\":\"https:\/\/piekarniawitaszczyk.pl\/\",\"logo\":{\"@type\":\"ImageObject\",\"inLanguage\":\"pl-PL\",\"@id\":\"https:\/\/piekarniawitaszczyk.pl\/#\/schema\/logo\/image\/\",\"url\":\"https:\/\/piekarniawitaszczyk.pl\/wp-content\/uploads\/2020\/03\/logo.jpg\",\"contentUrl\":\"https:\/\/piekarniawitaszczyk.pl\/wp-content\/uploads\/2020\/03\/logo.jpg\",\"width\":298,\"height\":287,\"caption\":\"Piekarnia Witaszczyk zp. z o.o.\"},\"image\":{\"@id\":\"https:\/\/piekarniawitaszczyk.pl\/#\/schema\/logo\/image\/\"},\"sameAs\":[\"https:\/\/www.facebook.com\/piekarniawitaszczyk\"]}]}<\/script>\n<!-- \/ Yoast SEO plugin. -->","yoast_head_json":{"title":"WYROBY PIEKARNICZE - Piekarnia Witaszczyk \u2013 tradycyjna piekarnia w Milan\u00f3wku","robots":{"index":"index","follow":"follow","max-snippet":"max-snippet:-1","max-image-preview":"max-image-preview:large","max-video-preview":"max-video-preview:-1"},"canonical":"https:\/\/piekarniawitaszczyk.pl\/?page_id=143","og_locale":"pl_PL","og_type":"article","og_title":"WYROBY PIEKARNICZE - Piekarnia Witaszczyk \u2013 tradycyjna piekarnia w Milan\u00f3wku","og_description":"Nasze pieczywo powstaje tak jak 80 lat temu \u2013 na naturalnym zakwasie, kt\u00f3ry prowadzimy nieprzerwanie od pokole\u0144, z r\u0119cznie wyrabianego ciasta. Znajdziecie tu chleby \u017cytnie, pszenne i mieszane, bu\u0142ki drobne oraz pieczywo dla os\u00f3b dbaj\u0105cych o diet\u0119 \u2013 w tym chleby o niskim indeksie glikemicznym i wypieki dla cukrzyk\u00f3w. &nbsp; Chleby Bu\u0142ki drobne Pozosta\u0142e pieczywa Chleb pszenny Bu\u0142eczka francuska Cha\u0142ka pleciona Chleb formowy Bu\u0142ka kajzerka Bagietka wiejska Chleb barowy Bu\u0142ka grahamka paluch Bagietka Chia-Goja Chleb razowy Bu\u0142ka sznytka Bagietka w\u0142oska Chleb razowy z ziarnem Bu\u0142ka paluszek Paluch dro\u017cd\u017cowo-ma\u015blany Chleb w\u00f3jta z pomidorami Bu\u0142ka pozna\u0144ska Rogalik ma\u015blany Chleb orkiszowy Bu\u0142ka sojowa...","og_url":"https:\/\/piekarniawitaszczyk.pl\/?page_id=143","og_site_name":"Piekarnia Witaszczyk \u2013 tradycyjna piekarnia w Milan\u00f3wku","article_publisher":"https:\/\/www.facebook.com\/piekarniawitaszczyk","article_modified_time":"2026-03-30T10:30:20+00:00","twitter_card":"summary_large_image","twitter_misc":{"Szacowany czas czytania":"2 minuty"},"schema":{"@context":"https:\/\/schema.org","@graph":[{"@type":"WebPage","@id":"https:\/\/piekarniawitaszczyk.pl\/?page_id=143","url":"https:\/\/piekarniawitaszczyk.pl\/?page_id=143","name":"WYROBY PIEKARNICZE - Piekarnia Witaszczyk \u2013 tradycyjna piekarnia w Milan\u00f3wku","isPartOf":{"@id":"https:\/\/piekarniawitaszczyk.pl\/#website"},"datePublished":"2015-12-07T07:08:04+00:00","dateModified":"2026-03-30T10:30:20+00:00","breadcrumb":{"@id":"https:\/\/piekarniawitaszczyk.pl\/?page_id=143#breadcrumb"},"inLanguage":"pl-PL","potentialAction":[{"@type":"ReadAction","target":["https:\/\/piekarniawitaszczyk.pl\/?page_id=143"]}]},{"@type":"BreadcrumbList","@id":"https:\/\/piekarniawitaszczyk.pl\/?page_id=143#breadcrumb","itemListElement":[{"@type":"ListItem","position":1,"name":"Strona g\u0142\u00f3wna","item":"https:\/\/piekarniawitaszczyk.pl\/"},{"@type":"ListItem","position":2,"name":"PRODUKTY","item":"https:\/\/piekarniawitaszczyk.pl\/?page_id=51"},{"@type":"ListItem","position":3,"name":"WYROBY PIEKARNICZE"}]},{"@type":"WebSite","@id":"https:\/\/piekarniawitaszczyk.pl\/#website","url":"https:\/\/piekarniawitaszczyk.pl\/","name":"Piekarnia Witaszczyk \u2013 tradycyjna piekarnia w Milan\u00f3wku","description":"Chleb na zakwasie, ciasta, sklepo-kawiarnie \u2013 Milan\u00f3wek, Grodzisk Mazowiecki, Brwin\u00f3w, Otr\u0119busy, Jaktor\u00f3w, Mi\u0119dzybor\u00f3w, \u017byrard\u00f3w","publisher":{"@id":"https:\/\/piekarniawitaszczyk.pl\/#organization"},"potentialAction":[{"@type":"SearchAction","target":{"@type":"EntryPoint","urlTemplate":"https:\/\/piekarniawitaszczyk.pl\/?s={search_term_string}"},"query-input":{"@type":"PropertyValueSpecification","valueRequired":true,"valueName":"search_term_string"}}],"inLanguage":"pl-PL"},{"@type":"Organization","@id":"https:\/\/piekarniawitaszczyk.pl\/#organization","name":"Piekarnia Witaszczyk zp. z o.o.","url":"https:\/\/piekarniawitaszczyk.pl\/","logo":{"@type":"ImageObject","inLanguage":"pl-PL","@id":"https:\/\/piekarniawitaszczyk.pl\/#\/schema\/logo\/image\/","url":"https:\/\/piekarniawitaszczyk.pl\/wp-content\/uploads\/2020\/03\/logo.jpg","contentUrl":"https:\/\/piekarniawitaszczyk.pl\/wp-content\/uploads\/2020\/03\/logo.jpg","width":298,"height":287,"caption":"Piekarnia Witaszczyk zp. z o.o."},"image":{"@id":"https:\/\/piekarniawitaszczyk.pl\/#\/schema\/logo\/image\/"},"sameAs":["https:\/\/www.facebook.com\/piekarniawitaszczyk"]}]}},"_links":{"self":[{"href":"https:\/\/piekarniawitaszczyk.pl\/index.php?rest_route=\/wp\/v2\/pages\/143","targetHints":{"allow":["GET"]}}],"collection":[{"href":"https:\/\/piekarniawitaszczyk.pl\/index.php?rest_route=\/wp\/v2\/pages"}],"about":[{"href":"https:\/\/piekarniawitaszczyk.pl\/index.php?rest_route=\/wp\/v2\/types\/page"}],"author":[{"embeddable":true,"href":"https:\/\/piekarniawitaszczyk.pl\/index.php?rest_route=\/wp\/v2\/users\/1"}],"replies":[{"embeddable":true,"href":"https:\/\/piekarniawitaszczyk.pl\/index.php?rest_route=%2Fwp%2Fv2%2Fcomments&post=143"}],"version-history":[{"count":29,"href":"https:\/\/piekarniawitaszczyk.pl\/index.php?rest_route=\/wp\/v2\/pages\/143\/revisions"}],"predecessor-version":[{"id":1346,"href":"https:\/\/piekarniawitaszczyk.pl\/index.php?rest_route=\/wp\/v2\/pages\/143\/revisions\/1346"}],"up":[{"embeddable":true,"href":"https:\/\/piekarniawitaszczyk.pl\/index.php?rest_route=\/wp\/v2\/pages\/51"}],"wp:attachment":[{"href":"https:\/\/piekarniawitaszczyk.pl\/index.php?rest_route=%2Fwp%2Fv2%2Fmedia&parent=143"}],"curies":[{"name":"wp","href":"https:\/\/api.w.org\/{rel}","templated":true}]}}