{"id":151,"date":"2015-12-07T07:10:16","date_gmt":"2015-12-07T07:10:16","guid":{"rendered":"http:\/\/piekarniajw.pl\/?page_id=151"},"modified":"2015-12-21T13:14:39","modified_gmt":"2015-12-21T13:14:39","slug":"pozostale-wyroby","status":"publish","type":"page","link":"https:\/\/piekarniawitaszczyk.pl\/?page_id=151","title":{"rendered":"POZOSTA\u0141E WYROBY"},"content":{"rendered":"<table align=\"left\">\n<tbody>\n<tr valign=\"top\">\n<td>\n<ul>\n<li>Baranek<\/li>\n<li>Zaj\u0105czek Wielkanocny<\/li>\n<li>Babeczka do koszyczka na Wielkanoc<\/li>\n<li>Serce walentynkowe<\/li>\n<li>Chlebek komunijny<\/li>\n<li>Chleb weselny z sol\u0105<\/li>\n<li>Chlebek do \u017curku<\/li>\n<li>Choinka, gwiazdka, renifer<\/li>\n<\/ul>\n<\/td>\n<\/tr>\n<\/tbody>\n<\/table>\n","protected":false},"excerpt":{"rendered":"<p>Baranek Zaj\u0105czek Wielkanocny Babeczka do koszyczka na Wielkanoc Serce walentynkowe Chlebek komunijny Chleb weselny z sol\u0105 Chlebek do \u017curku Choinka, gwiazdka, renifer<\/p>\n","protected":false},"author":1,"featured_media":0,"parent":51,"menu_order":4,"comment_status":"closed","ping_status":"closed","template":"","meta":{"footnotes":""},"class_list":["post-151","page","type-page","status-publish","hentry"],"yoast_head":"<!-- This site is optimized with the Yoast SEO plugin v27.2 - https:\/\/yoast.com\/product\/yoast-seo-wordpress\/ -->\n<title>POZOSTA\u0141E WYROBY - Piekarnia Witaszczyk \u2013 tradycyjna piekarnia w Milan\u00f3wku<\/title>\n<meta name=\"robots\" content=\"index, follow, max-snippet:-1, max-image-preview:large, max-video-preview:-1\" \/>\n<link rel=\"canonical\" href=\"https:\/\/piekarniawitaszczyk.pl\/?page_id=151\" \/>\n<meta property=\"og:locale\" content=\"pl_PL\" \/>\n<meta property=\"og:type\" content=\"article\" \/>\n<meta property=\"og:title\" content=\"POZOSTA\u0141E WYROBY - Piekarnia Witaszczyk \u2013 tradycyjna piekarnia w Milan\u00f3wku\" \/>\n<meta property=\"og:description\" content=\"Baranek Zaj\u0105czek Wielkanocny Babeczka do koszyczka na Wielkanoc Serce walentynkowe Chlebek komunijny Chleb weselny z sol\u0105 Chlebek do \u017curku Choinka, gwiazdka, renifer\" \/>\n<meta property=\"og:url\" content=\"https:\/\/piekarniawitaszczyk.pl\/?page_id=151\" \/>\n<meta property=\"og:site_name\" content=\"Piekarnia Witaszczyk \u2013 tradycyjna piekarnia w Milan\u00f3wku\" \/>\n<meta property=\"article:publisher\" content=\"https:\/\/www.facebook.com\/piekarniawitaszczyk\" \/>\n<meta property=\"article:modified_time\" content=\"2015-12-21T13:14:39+00:00\" \/>\n<meta name=\"twitter:card\" content=\"summary_large_image\" \/>\n<script type=\"application\/ld+json\" class=\"yoast-schema-graph\">{\"@context\":\"https:\/\/schema.org\",\"@graph\":[{\"@type\":\"WebPage\",\"@id\":\"https:\/\/piekarniawitaszczyk.pl\/?page_id=151\",\"url\":\"https:\/\/piekarniawitaszczyk.pl\/?page_id=151\",\"name\":\"POZOSTA\u0141E WYROBY - Piekarnia Witaszczyk \u2013 tradycyjna piekarnia w Milan\u00f3wku\",\"isPartOf\":{\"@id\":\"https:\/\/piekarniawitaszczyk.pl\/#website\"},\"datePublished\":\"2015-12-07T07:10:16+00:00\",\"dateModified\":\"2015-12-21T13:14:39+00:00\",\"breadcrumb\":{\"@id\":\"https:\/\/piekarniawitaszczyk.pl\/?page_id=151#breadcrumb\"},\"inLanguage\":\"pl-PL\",\"potentialAction\":[{\"@type\":\"ReadAction\",\"target\":[\"https:\/\/piekarniawitaszczyk.pl\/?page_id=151\"]}]},{\"@type\":\"BreadcrumbList\",\"@id\":\"https:\/\/piekarniawitaszczyk.pl\/?page_id=151#breadcrumb\",\"itemListElement\":[{\"@type\":\"ListItem\",\"position\":1,\"name\":\"Strona g\u0142\u00f3wna\",\"item\":\"https:\/\/piekarniawitaszczyk.pl\/\"},{\"@type\":\"ListItem\",\"position\":2,\"name\":\"PRODUKTY\",\"item\":\"https:\/\/piekarniawitaszczyk.pl\/?page_id=51\"},{\"@type\":\"ListItem\",\"position\":3,\"name\":\"POZOSTA\u0141E WYROBY\"}]},{\"@type\":\"WebSite\",\"@id\":\"https:\/\/piekarniawitaszczyk.pl\/#website\",\"url\":\"https:\/\/piekarniawitaszczyk.pl\/\",\"name\":\"Piekarnia Witaszczyk \u2013 tradycyjna piekarnia w Milan\u00f3wku\",\"description\":\"Chleb na zakwasie, ciasta, sklepo-kawiarnie \u2013 Milan\u00f3wek, Grodzisk Mazowiecki, Brwin\u00f3w, Otr\u0119busy, Jaktor\u00f3w, Mi\u0119dzybor\u00f3w, \u017byrard\u00f3w\",\"publisher\":{\"@id\":\"https:\/\/piekarniawitaszczyk.pl\/#organization\"},\"potentialAction\":[{\"@type\":\"SearchAction\",\"target\":{\"@type\":\"EntryPoint\",\"urlTemplate\":\"https:\/\/piekarniawitaszczyk.pl\/?s={search_term_string}\"},\"query-input\":{\"@type\":\"PropertyValueSpecification\",\"valueRequired\":true,\"valueName\":\"search_term_string\"}}],\"inLanguage\":\"pl-PL\"},{\"@type\":\"Organization\",\"@id\":\"https:\/\/piekarniawitaszczyk.pl\/#organization\",\"name\":\"Piekarnia Witaszczyk zp. z o.o.\",\"url\":\"https:\/\/piekarniawitaszczyk.pl\/\",\"logo\":{\"@type\":\"ImageObject\",\"inLanguage\":\"pl-PL\",\"@id\":\"https:\/\/piekarniawitaszczyk.pl\/#\/schema\/logo\/image\/\",\"url\":\"https:\/\/piekarniawitaszczyk.pl\/wp-content\/uploads\/2020\/03\/logo.jpg\",\"contentUrl\":\"https:\/\/piekarniawitaszczyk.pl\/wp-content\/uploads\/2020\/03\/logo.jpg\",\"width\":298,\"height\":287,\"caption\":\"Piekarnia Witaszczyk zp. z o.o.\"},\"image\":{\"@id\":\"https:\/\/piekarniawitaszczyk.pl\/#\/schema\/logo\/image\/\"},\"sameAs\":[\"https:\/\/www.facebook.com\/piekarniawitaszczyk\"]}]}<\/script>\n<!-- \/ Yoast SEO plugin. -->","yoast_head_json":{"title":"POZOSTA\u0141E WYROBY - Piekarnia Witaszczyk \u2013 tradycyjna piekarnia w Milan\u00f3wku","robots":{"index":"index","follow":"follow","max-snippet":"max-snippet:-1","max-image-preview":"max-image-preview:large","max-video-preview":"max-video-preview:-1"},"canonical":"https:\/\/piekarniawitaszczyk.pl\/?page_id=151","og_locale":"pl_PL","og_type":"article","og_title":"POZOSTA\u0141E WYROBY - Piekarnia Witaszczyk \u2013 tradycyjna piekarnia w Milan\u00f3wku","og_description":"Baranek Zaj\u0105czek Wielkanocny Babeczka do koszyczka na Wielkanoc Serce walentynkowe Chlebek komunijny Chleb weselny z sol\u0105 Chlebek do \u017curku Choinka, gwiazdka, renifer","og_url":"https:\/\/piekarniawitaszczyk.pl\/?page_id=151","og_site_name":"Piekarnia Witaszczyk \u2013 tradycyjna piekarnia w Milan\u00f3wku","article_publisher":"https:\/\/www.facebook.com\/piekarniawitaszczyk","article_modified_time":"2015-12-21T13:14:39+00:00","twitter_card":"summary_large_image","schema":{"@context":"https:\/\/schema.org","@graph":[{"@type":"WebPage","@id":"https:\/\/piekarniawitaszczyk.pl\/?page_id=151","url":"https:\/\/piekarniawitaszczyk.pl\/?page_id=151","name":"POZOSTA\u0141E WYROBY - Piekarnia Witaszczyk \u2013 tradycyjna piekarnia w Milan\u00f3wku","isPartOf":{"@id":"https:\/\/piekarniawitaszczyk.pl\/#website"},"datePublished":"2015-12-07T07:10:16+00:00","dateModified":"2015-12-21T13:14:39+00:00","breadcrumb":{"@id":"https:\/\/piekarniawitaszczyk.pl\/?page_id=151#breadcrumb"},"inLanguage":"pl-PL","potentialAction":[{"@type":"ReadAction","target":["https:\/\/piekarniawitaszczyk.pl\/?page_id=151"]}]},{"@type":"BreadcrumbList","@id":"https:\/\/piekarniawitaszczyk.pl\/?page_id=151#breadcrumb","itemListElement":[{"@type":"ListItem","position":1,"name":"Strona g\u0142\u00f3wna","item":"https:\/\/piekarniawitaszczyk.pl\/"},{"@type":"ListItem","position":2,"name":"PRODUKTY","item":"https:\/\/piekarniawitaszczyk.pl\/?page_id=51"},{"@type":"ListItem","position":3,"name":"POZOSTA\u0141E WYROBY"}]},{"@type":"WebSite","@id":"https:\/\/piekarniawitaszczyk.pl\/#website","url":"https:\/\/piekarniawitaszczyk.pl\/","name":"Piekarnia Witaszczyk \u2013 tradycyjna piekarnia w Milan\u00f3wku","description":"Chleb na zakwasie, ciasta, sklepo-kawiarnie \u2013 Milan\u00f3wek, Grodzisk Mazowiecki, Brwin\u00f3w, Otr\u0119busy, Jaktor\u00f3w, Mi\u0119dzybor\u00f3w, \u017byrard\u00f3w","publisher":{"@id":"https:\/\/piekarniawitaszczyk.pl\/#organization"},"potentialAction":[{"@type":"SearchAction","target":{"@type":"EntryPoint","urlTemplate":"https:\/\/piekarniawitaszczyk.pl\/?s={search_term_string}"},"query-input":{"@type":"PropertyValueSpecification","valueRequired":true,"valueName":"search_term_string"}}],"inLanguage":"pl-PL"},{"@type":"Organization","@id":"https:\/\/piekarniawitaszczyk.pl\/#organization","name":"Piekarnia Witaszczyk zp. z o.o.","url":"https:\/\/piekarniawitaszczyk.pl\/","logo":{"@type":"ImageObject","inLanguage":"pl-PL","@id":"https:\/\/piekarniawitaszczyk.pl\/#\/schema\/logo\/image\/","url":"https:\/\/piekarniawitaszczyk.pl\/wp-content\/uploads\/2020\/03\/logo.jpg","contentUrl":"https:\/\/piekarniawitaszczyk.pl\/wp-content\/uploads\/2020\/03\/logo.jpg","width":298,"height":287,"caption":"Piekarnia Witaszczyk zp. z o.o."},"image":{"@id":"https:\/\/piekarniawitaszczyk.pl\/#\/schema\/logo\/image\/"},"sameAs":["https:\/\/www.facebook.com\/piekarniawitaszczyk"]}]}},"_links":{"self":[{"href":"https:\/\/piekarniawitaszczyk.pl\/index.php?rest_route=\/wp\/v2\/pages\/151","targetHints":{"allow":["GET"]}}],"collection":[{"href":"https:\/\/piekarniawitaszczyk.pl\/index.php?rest_route=\/wp\/v2\/pages"}],"about":[{"href":"https:\/\/piekarniawitaszczyk.pl\/index.php?rest_route=\/wp\/v2\/types\/page"}],"author":[{"embeddable":true,"href":"https:\/\/piekarniawitaszczyk.pl\/index.php?rest_route=\/wp\/v2\/users\/1"}],"replies":[{"embeddable":true,"href":"https:\/\/piekarniawitaszczyk.pl\/index.php?rest_route=%2Fwp%2Fv2%2Fcomments&post=151"}],"version-history":[{"count":3,"href":"https:\/\/piekarniawitaszczyk.pl\/index.php?rest_route=\/wp\/v2\/pages\/151\/revisions"}],"predecessor-version":[{"id":343,"href":"https:\/\/piekarniawitaszczyk.pl\/index.php?rest_route=\/wp\/v2\/pages\/151\/revisions\/343"}],"up":[{"embeddable":true,"href":"https:\/\/piekarniawitaszczyk.pl\/index.php?rest_route=\/wp\/v2\/pages\/51"}],"wp:attachment":[{"href":"https:\/\/piekarniawitaszczyk.pl\/index.php?rest_route=%2Fwp%2Fv2%2Fmedia&parent=151"}],"curies":[{"name":"wp","href":"https:\/\/api.w.org\/{rel}","templated":true}]}}