{"id":816,"date":"2019-03-10T11:38:45","date_gmt":"2019-03-10T11:38:45","guid":{"rendered":"http:\/\/piekarniajw.pl\/?page_id=816"},"modified":"2019-03-10T12:02:20","modified_gmt":"2019-03-10T12:02:20","slug":"chleb-maslankowy","status":"publish","type":"page","link":"https:\/\/piekarniawitaszczyk.pl\/?page_id=816","title":{"rendered":"CHLEB MA\u015aLANKOWY"},"content":{"rendered":"<table>\n<tbody>\n<tr>\n<td width=\"50%\">650g (201 kcal\/ 841 kJ w 100g)<\/td>\n<td style=\"vertical-align: middle; text-align: center;\" rowspan=\"4\"><img loading=\"lazy\" decoding=\"async\" class=\"alignright size-full wp-image-748\" src=\"http:\/\/piekarniawitaszczyk.pl\/wp-content\/uploads\/2019\/03\/maslankowy.jpg\" alt=\"maslankowy\" width=\"255\" height=\"190\" \/><\/td>\n<\/tr>\n<tr>\n<td><strong>Chleb pszenno-\u017cytni <\/strong>z dodatkiem ma\u015blanki.<\/td>\n<\/tr>\n<tr>\n<td><strong>Sk\u0142adniki<\/strong>: m\u0105ka \u017cytnia 9%, m\u0105ka pszenna 36%, ma\u015blanka naturalna, dro\u017cd\u017ce, s\u00f3l, woda.<\/td>\n<\/tr>\n<tr>\n<td><em><span style=\"text-decoration: underline;\">Produkt zawiera gluten.<\/span><\/em><\/td>\n<\/tr>\n<\/tbody>\n<\/table>\n","protected":false},"excerpt":{"rendered":"<p>650g (201 kcal\/ 841 kJ w 100g) Chleb pszenno-\u017cytni z dodatkiem ma\u015blanki. Sk\u0142adniki: m\u0105ka \u017cytnia 9%, m\u0105ka pszenna 36%, ma\u015blanka naturalna, dro\u017cd\u017ce, s\u00f3l, woda. Produkt zawiera gluten.<\/p>\n","protected":false},"author":1,"featured_media":0,"parent":828,"menu_order":0,"comment_status":"closed","ping_status":"closed","template":"","meta":{"footnotes":""},"class_list":["post-816","page","type-page","status-publish","hentry"],"yoast_head":"<!-- This site is optimized with the Yoast SEO plugin v27.2 - https:\/\/yoast.com\/product\/yoast-seo-wordpress\/ -->\n<title>CHLEB MA\u015aLANKOWY - Piekarnia Witaszczyk \u2013 tradycyjna piekarnia w Milan\u00f3wku<\/title>\n<meta name=\"robots\" content=\"index, follow, max-snippet:-1, max-image-preview:large, max-video-preview:-1\" \/>\n<link rel=\"canonical\" href=\"https:\/\/piekarniawitaszczyk.pl\/?page_id=816\" \/>\n<meta property=\"og:locale\" content=\"pl_PL\" \/>\n<meta property=\"og:type\" content=\"article\" \/>\n<meta property=\"og:title\" content=\"CHLEB MA\u015aLANKOWY - Piekarnia Witaszczyk \u2013 tradycyjna piekarnia w Milan\u00f3wku\" \/>\n<meta property=\"og:description\" content=\"650g (201 kcal\/ 841 kJ w 100g) Chleb pszenno-\u017cytni z dodatkiem ma\u015blanki. Sk\u0142adniki: m\u0105ka \u017cytnia 9%, m\u0105ka pszenna 36%, ma\u015blanka naturalna, dro\u017cd\u017ce, s\u00f3l, woda. Produkt zawiera gluten.\" \/>\n<meta property=\"og:url\" content=\"https:\/\/piekarniawitaszczyk.pl\/?page_id=816\" \/>\n<meta property=\"og:site_name\" content=\"Piekarnia Witaszczyk \u2013 tradycyjna piekarnia w Milan\u00f3wku\" \/>\n<meta property=\"article:publisher\" content=\"https:\/\/www.facebook.com\/piekarniawitaszczyk\" \/>\n<meta property=\"article:modified_time\" content=\"2019-03-10T12:02:20+00:00\" \/>\n<meta property=\"og:image\" content=\"https:\/\/piekarniawitaszczyk.pl\/wp-content\/uploads\/2019\/03\/maslankowy.jpg\" \/>\n\t<meta property=\"og:image:width\" content=\"255\" \/>\n\t<meta property=\"og:image:height\" content=\"190\" \/>\n\t<meta property=\"og:image:type\" content=\"image\/jpeg\" \/>\n<meta name=\"twitter:card\" content=\"summary_large_image\" \/>\n<script type=\"application\/ld+json\" class=\"yoast-schema-graph\">{\"@context\":\"https:\/\/schema.org\",\"@graph\":[{\"@type\":\"WebPage\",\"@id\":\"https:\/\/piekarniawitaszczyk.pl\/?page_id=816\",\"url\":\"https:\/\/piekarniawitaszczyk.pl\/?page_id=816\",\"name\":\"CHLEB MA\u015aLANKOWY - Piekarnia Witaszczyk \u2013 tradycyjna piekarnia w Milan\u00f3wku\",\"isPartOf\":{\"@id\":\"https:\/\/piekarniawitaszczyk.pl\/#website\"},\"primaryImageOfPage\":{\"@id\":\"https:\/\/piekarniawitaszczyk.pl\/?page_id=816#primaryimage\"},\"image\":{\"@id\":\"https:\/\/piekarniawitaszczyk.pl\/?page_id=816#primaryimage\"},\"thumbnailUrl\":\"http:\/\/piekarniawitaszczyk.pl\/wp-content\/uploads\/2019\/03\/maslankowy.jpg\",\"datePublished\":\"2019-03-10T11:38:45+00:00\",\"dateModified\":\"2019-03-10T12:02:20+00:00\",\"breadcrumb\":{\"@id\":\"https:\/\/piekarniawitaszczyk.pl\/?page_id=816#breadcrumb\"},\"inLanguage\":\"pl-PL\",\"potentialAction\":[{\"@type\":\"ReadAction\",\"target\":[\"https:\/\/piekarniawitaszczyk.pl\/?page_id=816\"]}]},{\"@type\":\"ImageObject\",\"inLanguage\":\"pl-PL\",\"@id\":\"https:\/\/piekarniawitaszczyk.pl\/?page_id=816#primaryimage\",\"url\":\"https:\/\/piekarniawitaszczyk.pl\/wp-content\/uploads\/2019\/03\/maslankowy.jpg\",\"contentUrl\":\"https:\/\/piekarniawitaszczyk.pl\/wp-content\/uploads\/2019\/03\/maslankowy.jpg\",\"width\":255,\"height\":190},{\"@type\":\"BreadcrumbList\",\"@id\":\"https:\/\/piekarniawitaszczyk.pl\/?page_id=816#breadcrumb\",\"itemListElement\":[{\"@type\":\"ListItem\",\"position\":1,\"name\":\"Strona g\u0142\u00f3wna\",\"item\":\"https:\/\/piekarniawitaszczyk.pl\/\"},{\"@type\":\"ListItem\",\"position\":2,\"name\":\"PRODUKTY\",\"item\":\"https:\/\/piekarniawitaszczyk.pl\/?page_id=51\"},{\"@type\":\"ListItem\",\"position\":3,\"name\":\"WYROBY PIEKARNICZE\",\"item\":\"https:\/\/piekarniawitaszczyk.pl\/?page_id=143\"},{\"@type\":\"ListItem\",\"position\":4,\"name\":\"CHLEBY PSZENNO-\u017bYTNIE\",\"item\":\"https:\/\/piekarniawitaszczyk.pl\/?page_id=828\"},{\"@type\":\"ListItem\",\"position\":5,\"name\":\"CHLEB MA\u015aLANKOWY\"}]},{\"@type\":\"WebSite\",\"@id\":\"https:\/\/piekarniawitaszczyk.pl\/#website\",\"url\":\"https:\/\/piekarniawitaszczyk.pl\/\",\"name\":\"Piekarnia Witaszczyk \u2013 tradycyjna piekarnia w Milan\u00f3wku\",\"description\":\"Chleb na zakwasie, ciasta, sklepo-kawiarnie \u2013 Milan\u00f3wek, Grodzisk Mazowiecki, Brwin\u00f3w, Otr\u0119busy, Jaktor\u00f3w, Mi\u0119dzybor\u00f3w, \u017byrard\u00f3w\",\"publisher\":{\"@id\":\"https:\/\/piekarniawitaszczyk.pl\/#organization\"},\"potentialAction\":[{\"@type\":\"SearchAction\",\"target\":{\"@type\":\"EntryPoint\",\"urlTemplate\":\"https:\/\/piekarniawitaszczyk.pl\/?s={search_term_string}\"},\"query-input\":{\"@type\":\"PropertyValueSpecification\",\"valueRequired\":true,\"valueName\":\"search_term_string\"}}],\"inLanguage\":\"pl-PL\"},{\"@type\":\"Organization\",\"@id\":\"https:\/\/piekarniawitaszczyk.pl\/#organization\",\"name\":\"Piekarnia Witaszczyk zp. z o.o.\",\"url\":\"https:\/\/piekarniawitaszczyk.pl\/\",\"logo\":{\"@type\":\"ImageObject\",\"inLanguage\":\"pl-PL\",\"@id\":\"https:\/\/piekarniawitaszczyk.pl\/#\/schema\/logo\/image\/\",\"url\":\"https:\/\/piekarniawitaszczyk.pl\/wp-content\/uploads\/2020\/03\/logo.jpg\",\"contentUrl\":\"https:\/\/piekarniawitaszczyk.pl\/wp-content\/uploads\/2020\/03\/logo.jpg\",\"width\":298,\"height\":287,\"caption\":\"Piekarnia Witaszczyk zp. z o.o.\"},\"image\":{\"@id\":\"https:\/\/piekarniawitaszczyk.pl\/#\/schema\/logo\/image\/\"},\"sameAs\":[\"https:\/\/www.facebook.com\/piekarniawitaszczyk\"]}]}<\/script>\n<!-- \/ Yoast SEO plugin. -->","yoast_head_json":{"title":"CHLEB MA\u015aLANKOWY - Piekarnia Witaszczyk \u2013 tradycyjna piekarnia w Milan\u00f3wku","robots":{"index":"index","follow":"follow","max-snippet":"max-snippet:-1","max-image-preview":"max-image-preview:large","max-video-preview":"max-video-preview:-1"},"canonical":"https:\/\/piekarniawitaszczyk.pl\/?page_id=816","og_locale":"pl_PL","og_type":"article","og_title":"CHLEB MA\u015aLANKOWY - Piekarnia Witaszczyk \u2013 tradycyjna piekarnia w Milan\u00f3wku","og_description":"650g (201 kcal\/ 841 kJ w 100g) Chleb pszenno-\u017cytni z dodatkiem ma\u015blanki. Sk\u0142adniki: m\u0105ka \u017cytnia 9%, m\u0105ka pszenna 36%, ma\u015blanka naturalna, dro\u017cd\u017ce, s\u00f3l, woda. Produkt zawiera gluten.","og_url":"https:\/\/piekarniawitaszczyk.pl\/?page_id=816","og_site_name":"Piekarnia Witaszczyk \u2013 tradycyjna piekarnia w Milan\u00f3wku","article_publisher":"https:\/\/www.facebook.com\/piekarniawitaszczyk","article_modified_time":"2019-03-10T12:02:20+00:00","og_image":[{"width":255,"height":190,"url":"https:\/\/piekarniawitaszczyk.pl\/wp-content\/uploads\/2019\/03\/maslankowy.jpg","type":"image\/jpeg"}],"twitter_card":"summary_large_image","schema":{"@context":"https:\/\/schema.org","@graph":[{"@type":"WebPage","@id":"https:\/\/piekarniawitaszczyk.pl\/?page_id=816","url":"https:\/\/piekarniawitaszczyk.pl\/?page_id=816","name":"CHLEB MA\u015aLANKOWY - Piekarnia Witaszczyk \u2013 tradycyjna piekarnia w Milan\u00f3wku","isPartOf":{"@id":"https:\/\/piekarniawitaszczyk.pl\/#website"},"primaryImageOfPage":{"@id":"https:\/\/piekarniawitaszczyk.pl\/?page_id=816#primaryimage"},"image":{"@id":"https:\/\/piekarniawitaszczyk.pl\/?page_id=816#primaryimage"},"thumbnailUrl":"http:\/\/piekarniawitaszczyk.pl\/wp-content\/uploads\/2019\/03\/maslankowy.jpg","datePublished":"2019-03-10T11:38:45+00:00","dateModified":"2019-03-10T12:02:20+00:00","breadcrumb":{"@id":"https:\/\/piekarniawitaszczyk.pl\/?page_id=816#breadcrumb"},"inLanguage":"pl-PL","potentialAction":[{"@type":"ReadAction","target":["https:\/\/piekarniawitaszczyk.pl\/?page_id=816"]}]},{"@type":"ImageObject","inLanguage":"pl-PL","@id":"https:\/\/piekarniawitaszczyk.pl\/?page_id=816#primaryimage","url":"https:\/\/piekarniawitaszczyk.pl\/wp-content\/uploads\/2019\/03\/maslankowy.jpg","contentUrl":"https:\/\/piekarniawitaszczyk.pl\/wp-content\/uploads\/2019\/03\/maslankowy.jpg","width":255,"height":190},{"@type":"BreadcrumbList","@id":"https:\/\/piekarniawitaszczyk.pl\/?page_id=816#breadcrumb","itemListElement":[{"@type":"ListItem","position":1,"name":"Strona g\u0142\u00f3wna","item":"https:\/\/piekarniawitaszczyk.pl\/"},{"@type":"ListItem","position":2,"name":"PRODUKTY","item":"https:\/\/piekarniawitaszczyk.pl\/?page_id=51"},{"@type":"ListItem","position":3,"name":"WYROBY PIEKARNICZE","item":"https:\/\/piekarniawitaszczyk.pl\/?page_id=143"},{"@type":"ListItem","position":4,"name":"CHLEBY PSZENNO-\u017bYTNIE","item":"https:\/\/piekarniawitaszczyk.pl\/?page_id=828"},{"@type":"ListItem","position":5,"name":"CHLEB MA\u015aLANKOWY"}]},{"@type":"WebSite","@id":"https:\/\/piekarniawitaszczyk.pl\/#website","url":"https:\/\/piekarniawitaszczyk.pl\/","name":"Piekarnia Witaszczyk \u2013 tradycyjna piekarnia w Milan\u00f3wku","description":"Chleb na zakwasie, ciasta, sklepo-kawiarnie \u2013 Milan\u00f3wek, Grodzisk Mazowiecki, Brwin\u00f3w, Otr\u0119busy, Jaktor\u00f3w, Mi\u0119dzybor\u00f3w, \u017byrard\u00f3w","publisher":{"@id":"https:\/\/piekarniawitaszczyk.pl\/#organization"},"potentialAction":[{"@type":"SearchAction","target":{"@type":"EntryPoint","urlTemplate":"https:\/\/piekarniawitaszczyk.pl\/?s={search_term_string}"},"query-input":{"@type":"PropertyValueSpecification","valueRequired":true,"valueName":"search_term_string"}}],"inLanguage":"pl-PL"},{"@type":"Organization","@id":"https:\/\/piekarniawitaszczyk.pl\/#organization","name":"Piekarnia Witaszczyk zp. z o.o.","url":"https:\/\/piekarniawitaszczyk.pl\/","logo":{"@type":"ImageObject","inLanguage":"pl-PL","@id":"https:\/\/piekarniawitaszczyk.pl\/#\/schema\/logo\/image\/","url":"https:\/\/piekarniawitaszczyk.pl\/wp-content\/uploads\/2020\/03\/logo.jpg","contentUrl":"https:\/\/piekarniawitaszczyk.pl\/wp-content\/uploads\/2020\/03\/logo.jpg","width":298,"height":287,"caption":"Piekarnia Witaszczyk zp. z o.o."},"image":{"@id":"https:\/\/piekarniawitaszczyk.pl\/#\/schema\/logo\/image\/"},"sameAs":["https:\/\/www.facebook.com\/piekarniawitaszczyk"]}]}},"_links":{"self":[{"href":"https:\/\/piekarniawitaszczyk.pl\/index.php?rest_route=\/wp\/v2\/pages\/816","targetHints":{"allow":["GET"]}}],"collection":[{"href":"https:\/\/piekarniawitaszczyk.pl\/index.php?rest_route=\/wp\/v2\/pages"}],"about":[{"href":"https:\/\/piekarniawitaszczyk.pl\/index.php?rest_route=\/wp\/v2\/types\/page"}],"author":[{"embeddable":true,"href":"https:\/\/piekarniawitaszczyk.pl\/index.php?rest_route=\/wp\/v2\/users\/1"}],"replies":[{"embeddable":true,"href":"https:\/\/piekarniawitaszczyk.pl\/index.php?rest_route=%2Fwp%2Fv2%2Fcomments&post=816"}],"version-history":[{"count":2,"href":"https:\/\/piekarniawitaszczyk.pl\/index.php?rest_route=\/wp\/v2\/pages\/816\/revisions"}],"predecessor-version":[{"id":818,"href":"https:\/\/piekarniawitaszczyk.pl\/index.php?rest_route=\/wp\/v2\/pages\/816\/revisions\/818"}],"up":[{"embeddable":true,"href":"https:\/\/piekarniawitaszczyk.pl\/index.php?rest_route=\/wp\/v2\/pages\/828"}],"wp:attachment":[{"href":"https:\/\/piekarniawitaszczyk.pl\/index.php?rest_route=%2Fwp%2Fv2%2Fmedia&parent=816"}],"curies":[{"name":"wp","href":"https:\/\/api.w.org\/{rel}","templated":true}]}}