{"id":844,"date":"2019-03-11T15:11:53","date_gmt":"2019-03-11T15:11:53","guid":{"rendered":"http:\/\/piekarniajw.pl\/?page_id=844"},"modified":"2019-03-11T15:11:53","modified_gmt":"2019-03-11T15:11:53","slug":"chleb-tropikalny","status":"publish","type":"page","link":"https:\/\/piekarniawitaszczyk.pl\/?page_id=844","title":{"rendered":"CHLEB TROPIKALNY"},"content":{"rendered":"<table>\n<tbody>\n<tr>\n<td width=\"50%\">400g (264 kcal\/ 1105 kJ w 100g)<\/td>\n<td style=\"vertical-align: middle; text-align: center;\" rowspan=\"4\"><img loading=\"lazy\" decoding=\"async\" class=\"alignright size-full wp-image-708\" src=\"http:\/\/piekarniawitaszczyk.pl\/wp-content\/uploads\/2019\/03\/tropikalny.jpg\" alt=\"tropikalny\" width=\"260\" height=\"196\" \/><\/td>\n<\/tr>\n<tr>\n<td><strong>Pieczywo \u017cytnie<\/strong> na naturalnym zakwasie i naturalnym s\u0142odzie j\u0119czmiennym, bogate w b\u0142onnik. Zawiera mn\u00f3stwo owoc\u00f3w: \u017curawin\u0119, suszon\u0105 \u015bliwk\u0119, morel\u0119, rodzynki, ziarna s\u0142onecznika, proso i siemi\u0119 lniane.<\/td>\n<\/tr>\n<tr>\n<td><strong>Sk\u0142adniki<\/strong>: m\u0105ka \u017cytnia 21%, dro\u017cd\u017ce, s\u00f3l, woda, siemi\u0119 lniane 3%, s\u0142onecznik 14%, ekstrakt s\u0142odowy j\u0119czmienny, m\u0105ka \u017cytnia, m\u0105ka pszenna, \u0142uskane proso, gluten pszenny, suszony zakwas \u017cytni, m\u0105czka s\u0142odowa j\u0119czmienna, olej rzepakowy, kwas askorbinowy, rodzynka, \u017curawina, \u015bliwka, morela.<\/td>\n<\/tr>\n<tr>\n<td><em><span style=\"text-decoration: underline;\">Produkt zawiera gluten.<\/span><\/em><\/td>\n<\/tr>\n<\/tbody>\n<\/table>\n","protected":false},"excerpt":{"rendered":"<p>400g (264 kcal\/ 1105 kJ w 100g) Pieczywo \u017cytnie na naturalnym zakwasie i naturalnym s\u0142odzie j\u0119czmiennym, bogate w b\u0142onnik. Zawiera mn\u00f3stwo owoc\u00f3w: \u017curawin\u0119, suszon\u0105 \u015bliwk\u0119, morel\u0119, rodzynki, ziarna s\u0142onecznika, proso i siemi\u0119 lniane. Sk\u0142adniki: m\u0105ka \u017cytnia 21%, dro\u017cd\u017ce, s\u00f3l, woda, siemi\u0119 lniane 3%, s\u0142onecznik 14%, ekstrakt s\u0142odowy j\u0119czmienny, m\u0105ka \u017cytnia, m\u0105ka pszenna, \u0142uskane proso, gluten pszenny, suszony zakwas \u017cytni, m\u0105czka s\u0142odowa j\u0119czmienna, olej rzepakowy, kwas askorbinowy, rodzynka, \u017curawina, \u015bliwka, morela. Produkt zawiera gluten.<\/p>\n","protected":false},"author":1,"featured_media":0,"parent":834,"menu_order":0,"comment_status":"closed","ping_status":"closed","template":"","meta":{"footnotes":""},"class_list":["post-844","page","type-page","status-publish","hentry"],"yoast_head":"<!-- This site is optimized with the Yoast SEO plugin v27.2 - https:\/\/yoast.com\/product\/yoast-seo-wordpress\/ -->\n<title>CHLEB TROPIKALNY - Piekarnia Witaszczyk \u2013 tradycyjna piekarnia w Milan\u00f3wku<\/title>\n<meta name=\"robots\" content=\"index, follow, max-snippet:-1, max-image-preview:large, max-video-preview:-1\" \/>\n<link rel=\"canonical\" href=\"https:\/\/piekarniawitaszczyk.pl\/?page_id=844\" \/>\n<meta property=\"og:locale\" content=\"pl_PL\" \/>\n<meta property=\"og:type\" content=\"article\" \/>\n<meta property=\"og:title\" content=\"CHLEB TROPIKALNY - Piekarnia Witaszczyk \u2013 tradycyjna piekarnia w Milan\u00f3wku\" \/>\n<meta property=\"og:description\" content=\"400g (264 kcal\/ 1105 kJ w 100g) Pieczywo \u017cytnie na naturalnym zakwasie i naturalnym s\u0142odzie j\u0119czmiennym, bogate w b\u0142onnik. Zawiera mn\u00f3stwo owoc\u00f3w: \u017curawin\u0119, suszon\u0105 \u015bliwk\u0119, morel\u0119, rodzynki, ziarna s\u0142onecznika, proso i siemi\u0119 lniane. Sk\u0142adniki: m\u0105ka \u017cytnia 21%, dro\u017cd\u017ce, s\u00f3l, woda, siemi\u0119 lniane 3%, s\u0142onecznik 14%, ekstrakt s\u0142odowy j\u0119czmienny, m\u0105ka \u017cytnia, m\u0105ka pszenna, \u0142uskane proso, gluten pszenny, suszony zakwas \u017cytni, m\u0105czka s\u0142odowa j\u0119czmienna, olej rzepakowy, kwas askorbinowy, rodzynka, \u017curawina, \u015bliwka, morela. Produkt zawiera gluten.\" \/>\n<meta property=\"og:url\" content=\"https:\/\/piekarniawitaszczyk.pl\/?page_id=844\" \/>\n<meta property=\"og:site_name\" content=\"Piekarnia Witaszczyk \u2013 tradycyjna piekarnia w Milan\u00f3wku\" \/>\n<meta property=\"article:publisher\" content=\"https:\/\/www.facebook.com\/piekarniawitaszczyk\" \/>\n<meta property=\"og:image\" content=\"https:\/\/piekarniawitaszczyk.pl\/wp-content\/uploads\/2019\/03\/tropikalny.jpg\" \/>\n\t<meta property=\"og:image:width\" content=\"260\" \/>\n\t<meta property=\"og:image:height\" content=\"196\" \/>\n\t<meta property=\"og:image:type\" content=\"image\/jpeg\" \/>\n<meta name=\"twitter:card\" content=\"summary_large_image\" \/>\n<script type=\"application\/ld+json\" class=\"yoast-schema-graph\">{\"@context\":\"https:\/\/schema.org\",\"@graph\":[{\"@type\":\"WebPage\",\"@id\":\"https:\/\/piekarniawitaszczyk.pl\/?page_id=844\",\"url\":\"https:\/\/piekarniawitaszczyk.pl\/?page_id=844\",\"name\":\"CHLEB TROPIKALNY - Piekarnia Witaszczyk \u2013 tradycyjna piekarnia w Milan\u00f3wku\",\"isPartOf\":{\"@id\":\"https:\/\/piekarniawitaszczyk.pl\/#website\"},\"primaryImageOfPage\":{\"@id\":\"https:\/\/piekarniawitaszczyk.pl\/?page_id=844#primaryimage\"},\"image\":{\"@id\":\"https:\/\/piekarniawitaszczyk.pl\/?page_id=844#primaryimage\"},\"thumbnailUrl\":\"http:\/\/piekarniawitaszczyk.pl\/wp-content\/uploads\/2019\/03\/tropikalny.jpg\",\"datePublished\":\"2019-03-11T15:11:53+00:00\",\"breadcrumb\":{\"@id\":\"https:\/\/piekarniawitaszczyk.pl\/?page_id=844#breadcrumb\"},\"inLanguage\":\"pl-PL\",\"potentialAction\":[{\"@type\":\"ReadAction\",\"target\":[\"https:\/\/piekarniawitaszczyk.pl\/?page_id=844\"]}]},{\"@type\":\"ImageObject\",\"inLanguage\":\"pl-PL\",\"@id\":\"https:\/\/piekarniawitaszczyk.pl\/?page_id=844#primaryimage\",\"url\":\"https:\/\/piekarniawitaszczyk.pl\/wp-content\/uploads\/2019\/03\/tropikalny.jpg\",\"contentUrl\":\"https:\/\/piekarniawitaszczyk.pl\/wp-content\/uploads\/2019\/03\/tropikalny.jpg\",\"width\":260,\"height\":196},{\"@type\":\"BreadcrumbList\",\"@id\":\"https:\/\/piekarniawitaszczyk.pl\/?page_id=844#breadcrumb\",\"itemListElement\":[{\"@type\":\"ListItem\",\"position\":1,\"name\":\"Strona g\u0142\u00f3wna\",\"item\":\"https:\/\/piekarniawitaszczyk.pl\/\"},{\"@type\":\"ListItem\",\"position\":2,\"name\":\"PRODUKTY\",\"item\":\"https:\/\/piekarniawitaszczyk.pl\/?page_id=51\"},{\"@type\":\"ListItem\",\"position\":3,\"name\":\"WYROBY PIEKARNICZE\",\"item\":\"https:\/\/piekarniawitaszczyk.pl\/?page_id=143\"},{\"@type\":\"ListItem\",\"position\":4,\"name\":\"CHLEBY \u017bYTNIE\",\"item\":\"https:\/\/piekarniawitaszczyk.pl\/?page_id=834\"},{\"@type\":\"ListItem\",\"position\":5,\"name\":\"CHLEB TROPIKALNY\"}]},{\"@type\":\"WebSite\",\"@id\":\"https:\/\/piekarniawitaszczyk.pl\/#website\",\"url\":\"https:\/\/piekarniawitaszczyk.pl\/\",\"name\":\"Piekarnia Witaszczyk \u2013 tradycyjna piekarnia w Milan\u00f3wku\",\"description\":\"Chleb na zakwasie, ciasta, sklepo-kawiarnie \u2013 Milan\u00f3wek, Grodzisk Mazowiecki, Brwin\u00f3w, Otr\u0119busy, Jaktor\u00f3w, Mi\u0119dzybor\u00f3w, \u017byrard\u00f3w\",\"publisher\":{\"@id\":\"https:\/\/piekarniawitaszczyk.pl\/#organization\"},\"potentialAction\":[{\"@type\":\"SearchAction\",\"target\":{\"@type\":\"EntryPoint\",\"urlTemplate\":\"https:\/\/piekarniawitaszczyk.pl\/?s={search_term_string}\"},\"query-input\":{\"@type\":\"PropertyValueSpecification\",\"valueRequired\":true,\"valueName\":\"search_term_string\"}}],\"inLanguage\":\"pl-PL\"},{\"@type\":\"Organization\",\"@id\":\"https:\/\/piekarniawitaszczyk.pl\/#organization\",\"name\":\"Piekarnia Witaszczyk zp. z o.o.\",\"url\":\"https:\/\/piekarniawitaszczyk.pl\/\",\"logo\":{\"@type\":\"ImageObject\",\"inLanguage\":\"pl-PL\",\"@id\":\"https:\/\/piekarniawitaszczyk.pl\/#\/schema\/logo\/image\/\",\"url\":\"https:\/\/piekarniawitaszczyk.pl\/wp-content\/uploads\/2020\/03\/logo.jpg\",\"contentUrl\":\"https:\/\/piekarniawitaszczyk.pl\/wp-content\/uploads\/2020\/03\/logo.jpg\",\"width\":298,\"height\":287,\"caption\":\"Piekarnia Witaszczyk zp. z o.o.\"},\"image\":{\"@id\":\"https:\/\/piekarniawitaszczyk.pl\/#\/schema\/logo\/image\/\"},\"sameAs\":[\"https:\/\/www.facebook.com\/piekarniawitaszczyk\"]}]}<\/script>\n<!-- \/ Yoast SEO plugin. -->","yoast_head_json":{"title":"CHLEB TROPIKALNY - Piekarnia Witaszczyk \u2013 tradycyjna piekarnia w Milan\u00f3wku","robots":{"index":"index","follow":"follow","max-snippet":"max-snippet:-1","max-image-preview":"max-image-preview:large","max-video-preview":"max-video-preview:-1"},"canonical":"https:\/\/piekarniawitaszczyk.pl\/?page_id=844","og_locale":"pl_PL","og_type":"article","og_title":"CHLEB TROPIKALNY - Piekarnia Witaszczyk \u2013 tradycyjna piekarnia w Milan\u00f3wku","og_description":"400g (264 kcal\/ 1105 kJ w 100g) Pieczywo \u017cytnie na naturalnym zakwasie i naturalnym s\u0142odzie j\u0119czmiennym, bogate w b\u0142onnik. Zawiera mn\u00f3stwo owoc\u00f3w: \u017curawin\u0119, suszon\u0105 \u015bliwk\u0119, morel\u0119, rodzynki, ziarna s\u0142onecznika, proso i siemi\u0119 lniane. Sk\u0142adniki: m\u0105ka \u017cytnia 21%, dro\u017cd\u017ce, s\u00f3l, woda, siemi\u0119 lniane 3%, s\u0142onecznik 14%, ekstrakt s\u0142odowy j\u0119czmienny, m\u0105ka \u017cytnia, m\u0105ka pszenna, \u0142uskane proso, gluten pszenny, suszony zakwas \u017cytni, m\u0105czka s\u0142odowa j\u0119czmienna, olej rzepakowy, kwas askorbinowy, rodzynka, \u017curawina, \u015bliwka, morela. Produkt zawiera gluten.","og_url":"https:\/\/piekarniawitaszczyk.pl\/?page_id=844","og_site_name":"Piekarnia Witaszczyk \u2013 tradycyjna piekarnia w Milan\u00f3wku","article_publisher":"https:\/\/www.facebook.com\/piekarniawitaszczyk","og_image":[{"width":260,"height":196,"url":"https:\/\/piekarniawitaszczyk.pl\/wp-content\/uploads\/2019\/03\/tropikalny.jpg","type":"image\/jpeg"}],"twitter_card":"summary_large_image","schema":{"@context":"https:\/\/schema.org","@graph":[{"@type":"WebPage","@id":"https:\/\/piekarniawitaszczyk.pl\/?page_id=844","url":"https:\/\/piekarniawitaszczyk.pl\/?page_id=844","name":"CHLEB TROPIKALNY - Piekarnia Witaszczyk \u2013 tradycyjna piekarnia w Milan\u00f3wku","isPartOf":{"@id":"https:\/\/piekarniawitaszczyk.pl\/#website"},"primaryImageOfPage":{"@id":"https:\/\/piekarniawitaszczyk.pl\/?page_id=844#primaryimage"},"image":{"@id":"https:\/\/piekarniawitaszczyk.pl\/?page_id=844#primaryimage"},"thumbnailUrl":"http:\/\/piekarniawitaszczyk.pl\/wp-content\/uploads\/2019\/03\/tropikalny.jpg","datePublished":"2019-03-11T15:11:53+00:00","breadcrumb":{"@id":"https:\/\/piekarniawitaszczyk.pl\/?page_id=844#breadcrumb"},"inLanguage":"pl-PL","potentialAction":[{"@type":"ReadAction","target":["https:\/\/piekarniawitaszczyk.pl\/?page_id=844"]}]},{"@type":"ImageObject","inLanguage":"pl-PL","@id":"https:\/\/piekarniawitaszczyk.pl\/?page_id=844#primaryimage","url":"https:\/\/piekarniawitaszczyk.pl\/wp-content\/uploads\/2019\/03\/tropikalny.jpg","contentUrl":"https:\/\/piekarniawitaszczyk.pl\/wp-content\/uploads\/2019\/03\/tropikalny.jpg","width":260,"height":196},{"@type":"BreadcrumbList","@id":"https:\/\/piekarniawitaszczyk.pl\/?page_id=844#breadcrumb","itemListElement":[{"@type":"ListItem","position":1,"name":"Strona g\u0142\u00f3wna","item":"https:\/\/piekarniawitaszczyk.pl\/"},{"@type":"ListItem","position":2,"name":"PRODUKTY","item":"https:\/\/piekarniawitaszczyk.pl\/?page_id=51"},{"@type":"ListItem","position":3,"name":"WYROBY PIEKARNICZE","item":"https:\/\/piekarniawitaszczyk.pl\/?page_id=143"},{"@type":"ListItem","position":4,"name":"CHLEBY \u017bYTNIE","item":"https:\/\/piekarniawitaszczyk.pl\/?page_id=834"},{"@type":"ListItem","position":5,"name":"CHLEB TROPIKALNY"}]},{"@type":"WebSite","@id":"https:\/\/piekarniawitaszczyk.pl\/#website","url":"https:\/\/piekarniawitaszczyk.pl\/","name":"Piekarnia Witaszczyk \u2013 tradycyjna piekarnia w Milan\u00f3wku","description":"Chleb na zakwasie, ciasta, sklepo-kawiarnie \u2013 Milan\u00f3wek, Grodzisk Mazowiecki, Brwin\u00f3w, Otr\u0119busy, Jaktor\u00f3w, Mi\u0119dzybor\u00f3w, \u017byrard\u00f3w","publisher":{"@id":"https:\/\/piekarniawitaszczyk.pl\/#organization"},"potentialAction":[{"@type":"SearchAction","target":{"@type":"EntryPoint","urlTemplate":"https:\/\/piekarniawitaszczyk.pl\/?s={search_term_string}"},"query-input":{"@type":"PropertyValueSpecification","valueRequired":true,"valueName":"search_term_string"}}],"inLanguage":"pl-PL"},{"@type":"Organization","@id":"https:\/\/piekarniawitaszczyk.pl\/#organization","name":"Piekarnia Witaszczyk zp. z o.o.","url":"https:\/\/piekarniawitaszczyk.pl\/","logo":{"@type":"ImageObject","inLanguage":"pl-PL","@id":"https:\/\/piekarniawitaszczyk.pl\/#\/schema\/logo\/image\/","url":"https:\/\/piekarniawitaszczyk.pl\/wp-content\/uploads\/2020\/03\/logo.jpg","contentUrl":"https:\/\/piekarniawitaszczyk.pl\/wp-content\/uploads\/2020\/03\/logo.jpg","width":298,"height":287,"caption":"Piekarnia Witaszczyk zp. z o.o."},"image":{"@id":"https:\/\/piekarniawitaszczyk.pl\/#\/schema\/logo\/image\/"},"sameAs":["https:\/\/www.facebook.com\/piekarniawitaszczyk"]}]}},"_links":{"self":[{"href":"https:\/\/piekarniawitaszczyk.pl\/index.php?rest_route=\/wp\/v2\/pages\/844","targetHints":{"allow":["GET"]}}],"collection":[{"href":"https:\/\/piekarniawitaszczyk.pl\/index.php?rest_route=\/wp\/v2\/pages"}],"about":[{"href":"https:\/\/piekarniawitaszczyk.pl\/index.php?rest_route=\/wp\/v2\/types\/page"}],"author":[{"embeddable":true,"href":"https:\/\/piekarniawitaszczyk.pl\/index.php?rest_route=\/wp\/v2\/users\/1"}],"replies":[{"embeddable":true,"href":"https:\/\/piekarniawitaszczyk.pl\/index.php?rest_route=%2Fwp%2Fv2%2Fcomments&post=844"}],"version-history":[{"count":1,"href":"https:\/\/piekarniawitaszczyk.pl\/index.php?rest_route=\/wp\/v2\/pages\/844\/revisions"}],"predecessor-version":[{"id":845,"href":"https:\/\/piekarniawitaszczyk.pl\/index.php?rest_route=\/wp\/v2\/pages\/844\/revisions\/845"}],"up":[{"embeddable":true,"href":"https:\/\/piekarniawitaszczyk.pl\/index.php?rest_route=\/wp\/v2\/pages\/834"}],"wp:attachment":[{"href":"https:\/\/piekarniawitaszczyk.pl\/index.php?rest_route=%2Fwp%2Fv2%2Fmedia&parent=844"}],"curies":[{"name":"wp","href":"https:\/\/api.w.org\/{rel}","templated":true}]}}