{"id":898,"date":"2019-03-11T15:59:42","date_gmt":"2019-03-11T15:59:42","guid":{"rendered":"http:\/\/piekarniajw.pl\/?page_id=898"},"modified":"2019-03-11T15:59:42","modified_gmt":"2019-03-11T15:59:42","slug":"rogalik-francuski","status":"publish","type":"page","link":"https:\/\/piekarniawitaszczyk.pl\/?page_id=898","title":{"rendered":"ROGALIK FRANCUSKI"},"content":{"rendered":"<table>\n<tbody>\n<tr>\n<td width=\"50%\">25g (348 kcal\/ 1457 kJ w 100g)<\/td>\n<td style=\"vertical-align: middle; text-align: center;\" rowspan=\"4\"><img loading=\"lazy\" decoding=\"async\" class=\"alignright size-full wp-image-704\" src=\"http:\/\/piekarniawitaszczyk.pl\/wp-content\/uploads\/2019\/03\/rogalik_francuski.jpg\" alt=\"rogalik_francuski\" width=\"275\" height=\"206\" \/><\/td>\n<\/tr>\n<tr>\n<td>Bu\u0142eczki pszenne o delikatnym, jasny, pulchnym mi\u0119kiszu w formie rogalika posypane makiem.<\/td>\n<\/tr>\n<tr>\n<td><strong>Sk\u0142adniki<\/strong>: m\u0105ka pszenna, dro\u017cd\u017ce, woda, margaryna, s\u00f3l, cukier, mak.<\/td>\n<\/tr>\n<tr>\n<td><em><span style=\"text-decoration: underline;\">Produkt zawiera gluten.<\/span><\/em><\/td>\n<\/tr>\n<\/tbody>\n<\/table>\n","protected":false},"excerpt":{"rendered":"<p>25g (348 kcal\/ 1457 kJ w 100g) Bu\u0142eczki pszenne o delikatnym, jasny, pulchnym mi\u0119kiszu w formie rogalika posypane makiem. Sk\u0142adniki: m\u0105ka pszenna, dro\u017cd\u017ce, woda, margaryna, s\u00f3l, cukier, mak. Produkt zawiera gluten.<\/p>\n","protected":false},"author":1,"featured_media":0,"parent":868,"menu_order":0,"comment_status":"closed","ping_status":"closed","template":"","meta":{"footnotes":""},"class_list":["post-898","page","type-page","status-publish","hentry"],"yoast_head":"<!-- This site is optimized with the Yoast SEO plugin v27.2 - https:\/\/yoast.com\/product\/yoast-seo-wordpress\/ -->\n<title>ROGALIK FRANCUSKI - Piekarnia Witaszczyk \u2013 tradycyjna piekarnia w Milan\u00f3wku<\/title>\n<meta name=\"robots\" content=\"index, follow, max-snippet:-1, max-image-preview:large, max-video-preview:-1\" \/>\n<link rel=\"canonical\" href=\"https:\/\/piekarniawitaszczyk.pl\/?page_id=898\" \/>\n<meta property=\"og:locale\" content=\"pl_PL\" \/>\n<meta property=\"og:type\" content=\"article\" \/>\n<meta property=\"og:title\" content=\"ROGALIK FRANCUSKI - Piekarnia Witaszczyk \u2013 tradycyjna piekarnia w Milan\u00f3wku\" \/>\n<meta property=\"og:description\" content=\"25g (348 kcal\/ 1457 kJ w 100g) Bu\u0142eczki pszenne o delikatnym, jasny, pulchnym mi\u0119kiszu w formie rogalika posypane makiem. Sk\u0142adniki: m\u0105ka pszenna, dro\u017cd\u017ce, woda, margaryna, s\u00f3l, cukier, mak. Produkt zawiera gluten.\" \/>\n<meta property=\"og:url\" content=\"https:\/\/piekarniawitaszczyk.pl\/?page_id=898\" \/>\n<meta property=\"og:site_name\" content=\"Piekarnia Witaszczyk \u2013 tradycyjna piekarnia w Milan\u00f3wku\" \/>\n<meta property=\"article:publisher\" content=\"https:\/\/www.facebook.com\/piekarniawitaszczyk\" \/>\n<meta property=\"og:image\" content=\"https:\/\/piekarniawitaszczyk.pl\/wp-content\/uploads\/2019\/03\/rogalik_francuski.jpg\" \/>\n\t<meta property=\"og:image:width\" content=\"275\" \/>\n\t<meta property=\"og:image:height\" content=\"206\" \/>\n\t<meta property=\"og:image:type\" content=\"image\/jpeg\" \/>\n<meta name=\"twitter:card\" content=\"summary_large_image\" \/>\n<script type=\"application\/ld+json\" class=\"yoast-schema-graph\">{\"@context\":\"https:\/\/schema.org\",\"@graph\":[{\"@type\":\"WebPage\",\"@id\":\"https:\/\/piekarniawitaszczyk.pl\/?page_id=898\",\"url\":\"https:\/\/piekarniawitaszczyk.pl\/?page_id=898\",\"name\":\"ROGALIK FRANCUSKI - Piekarnia Witaszczyk \u2013 tradycyjna piekarnia w Milan\u00f3wku\",\"isPartOf\":{\"@id\":\"https:\/\/piekarniawitaszczyk.pl\/#website\"},\"primaryImageOfPage\":{\"@id\":\"https:\/\/piekarniawitaszczyk.pl\/?page_id=898#primaryimage\"},\"image\":{\"@id\":\"https:\/\/piekarniawitaszczyk.pl\/?page_id=898#primaryimage\"},\"thumbnailUrl\":\"http:\/\/piekarniawitaszczyk.pl\/wp-content\/uploads\/2019\/03\/rogalik_francuski.jpg\",\"datePublished\":\"2019-03-11T15:59:42+00:00\",\"breadcrumb\":{\"@id\":\"https:\/\/piekarniawitaszczyk.pl\/?page_id=898#breadcrumb\"},\"inLanguage\":\"pl-PL\",\"potentialAction\":[{\"@type\":\"ReadAction\",\"target\":[\"https:\/\/piekarniawitaszczyk.pl\/?page_id=898\"]}]},{\"@type\":\"ImageObject\",\"inLanguage\":\"pl-PL\",\"@id\":\"https:\/\/piekarniawitaszczyk.pl\/?page_id=898#primaryimage\",\"url\":\"https:\/\/piekarniawitaszczyk.pl\/wp-content\/uploads\/2019\/03\/rogalik_francuski.jpg\",\"contentUrl\":\"https:\/\/piekarniawitaszczyk.pl\/wp-content\/uploads\/2019\/03\/rogalik_francuski.jpg\",\"width\":275,\"height\":206},{\"@type\":\"BreadcrumbList\",\"@id\":\"https:\/\/piekarniawitaszczyk.pl\/?page_id=898#breadcrumb\",\"itemListElement\":[{\"@type\":\"ListItem\",\"position\":1,\"name\":\"Strona g\u0142\u00f3wna\",\"item\":\"https:\/\/piekarniawitaszczyk.pl\/\"},{\"@type\":\"ListItem\",\"position\":2,\"name\":\"PRODUKTY\",\"item\":\"https:\/\/piekarniawitaszczyk.pl\/?page_id=51\"},{\"@type\":\"ListItem\",\"position\":3,\"name\":\"WYROBY PIEKARNICZE\",\"item\":\"https:\/\/piekarniawitaszczyk.pl\/?page_id=143\"},{\"@type\":\"ListItem\",\"position\":4,\"name\":\"BU\u0141KI\",\"item\":\"https:\/\/piekarniawitaszczyk.pl\/?page_id=868\"},{\"@type\":\"ListItem\",\"position\":5,\"name\":\"ROGALIK FRANCUSKI\"}]},{\"@type\":\"WebSite\",\"@id\":\"https:\/\/piekarniawitaszczyk.pl\/#website\",\"url\":\"https:\/\/piekarniawitaszczyk.pl\/\",\"name\":\"Piekarnia Witaszczyk \u2013 tradycyjna piekarnia w Milan\u00f3wku\",\"description\":\"Chleb na zakwasie, ciasta, sklepo-kawiarnie \u2013 Milan\u00f3wek, Grodzisk Mazowiecki, Brwin\u00f3w, Otr\u0119busy, Jaktor\u00f3w, Mi\u0119dzybor\u00f3w, \u017byrard\u00f3w\",\"publisher\":{\"@id\":\"https:\/\/piekarniawitaszczyk.pl\/#organization\"},\"potentialAction\":[{\"@type\":\"SearchAction\",\"target\":{\"@type\":\"EntryPoint\",\"urlTemplate\":\"https:\/\/piekarniawitaszczyk.pl\/?s={search_term_string}\"},\"query-input\":{\"@type\":\"PropertyValueSpecification\",\"valueRequired\":true,\"valueName\":\"search_term_string\"}}],\"inLanguage\":\"pl-PL\"},{\"@type\":\"Organization\",\"@id\":\"https:\/\/piekarniawitaszczyk.pl\/#organization\",\"name\":\"Piekarnia Witaszczyk zp. z o.o.\",\"url\":\"https:\/\/piekarniawitaszczyk.pl\/\",\"logo\":{\"@type\":\"ImageObject\",\"inLanguage\":\"pl-PL\",\"@id\":\"https:\/\/piekarniawitaszczyk.pl\/#\/schema\/logo\/image\/\",\"url\":\"https:\/\/piekarniawitaszczyk.pl\/wp-content\/uploads\/2020\/03\/logo.jpg\",\"contentUrl\":\"https:\/\/piekarniawitaszczyk.pl\/wp-content\/uploads\/2020\/03\/logo.jpg\",\"width\":298,\"height\":287,\"caption\":\"Piekarnia Witaszczyk zp. z o.o.\"},\"image\":{\"@id\":\"https:\/\/piekarniawitaszczyk.pl\/#\/schema\/logo\/image\/\"},\"sameAs\":[\"https:\/\/www.facebook.com\/piekarniawitaszczyk\"]}]}<\/script>\n<!-- \/ Yoast SEO plugin. -->","yoast_head_json":{"title":"ROGALIK FRANCUSKI - Piekarnia Witaszczyk \u2013 tradycyjna piekarnia w Milan\u00f3wku","robots":{"index":"index","follow":"follow","max-snippet":"max-snippet:-1","max-image-preview":"max-image-preview:large","max-video-preview":"max-video-preview:-1"},"canonical":"https:\/\/piekarniawitaszczyk.pl\/?page_id=898","og_locale":"pl_PL","og_type":"article","og_title":"ROGALIK FRANCUSKI - Piekarnia Witaszczyk \u2013 tradycyjna piekarnia w Milan\u00f3wku","og_description":"25g (348 kcal\/ 1457 kJ w 100g) Bu\u0142eczki pszenne o delikatnym, jasny, pulchnym mi\u0119kiszu w formie rogalika posypane makiem. Sk\u0142adniki: m\u0105ka pszenna, dro\u017cd\u017ce, woda, margaryna, s\u00f3l, cukier, mak. Produkt zawiera gluten.","og_url":"https:\/\/piekarniawitaszczyk.pl\/?page_id=898","og_site_name":"Piekarnia Witaszczyk \u2013 tradycyjna piekarnia w Milan\u00f3wku","article_publisher":"https:\/\/www.facebook.com\/piekarniawitaszczyk","og_image":[{"width":275,"height":206,"url":"https:\/\/piekarniawitaszczyk.pl\/wp-content\/uploads\/2019\/03\/rogalik_francuski.jpg","type":"image\/jpeg"}],"twitter_card":"summary_large_image","schema":{"@context":"https:\/\/schema.org","@graph":[{"@type":"WebPage","@id":"https:\/\/piekarniawitaszczyk.pl\/?page_id=898","url":"https:\/\/piekarniawitaszczyk.pl\/?page_id=898","name":"ROGALIK FRANCUSKI - Piekarnia Witaszczyk \u2013 tradycyjna piekarnia w Milan\u00f3wku","isPartOf":{"@id":"https:\/\/piekarniawitaszczyk.pl\/#website"},"primaryImageOfPage":{"@id":"https:\/\/piekarniawitaszczyk.pl\/?page_id=898#primaryimage"},"image":{"@id":"https:\/\/piekarniawitaszczyk.pl\/?page_id=898#primaryimage"},"thumbnailUrl":"http:\/\/piekarniawitaszczyk.pl\/wp-content\/uploads\/2019\/03\/rogalik_francuski.jpg","datePublished":"2019-03-11T15:59:42+00:00","breadcrumb":{"@id":"https:\/\/piekarniawitaszczyk.pl\/?page_id=898#breadcrumb"},"inLanguage":"pl-PL","potentialAction":[{"@type":"ReadAction","target":["https:\/\/piekarniawitaszczyk.pl\/?page_id=898"]}]},{"@type":"ImageObject","inLanguage":"pl-PL","@id":"https:\/\/piekarniawitaszczyk.pl\/?page_id=898#primaryimage","url":"https:\/\/piekarniawitaszczyk.pl\/wp-content\/uploads\/2019\/03\/rogalik_francuski.jpg","contentUrl":"https:\/\/piekarniawitaszczyk.pl\/wp-content\/uploads\/2019\/03\/rogalik_francuski.jpg","width":275,"height":206},{"@type":"BreadcrumbList","@id":"https:\/\/piekarniawitaszczyk.pl\/?page_id=898#breadcrumb","itemListElement":[{"@type":"ListItem","position":1,"name":"Strona g\u0142\u00f3wna","item":"https:\/\/piekarniawitaszczyk.pl\/"},{"@type":"ListItem","position":2,"name":"PRODUKTY","item":"https:\/\/piekarniawitaszczyk.pl\/?page_id=51"},{"@type":"ListItem","position":3,"name":"WYROBY PIEKARNICZE","item":"https:\/\/piekarniawitaszczyk.pl\/?page_id=143"},{"@type":"ListItem","position":4,"name":"BU\u0141KI","item":"https:\/\/piekarniawitaszczyk.pl\/?page_id=868"},{"@type":"ListItem","position":5,"name":"ROGALIK FRANCUSKI"}]},{"@type":"WebSite","@id":"https:\/\/piekarniawitaszczyk.pl\/#website","url":"https:\/\/piekarniawitaszczyk.pl\/","name":"Piekarnia Witaszczyk \u2013 tradycyjna piekarnia w Milan\u00f3wku","description":"Chleb na zakwasie, ciasta, sklepo-kawiarnie \u2013 Milan\u00f3wek, Grodzisk Mazowiecki, Brwin\u00f3w, Otr\u0119busy, Jaktor\u00f3w, Mi\u0119dzybor\u00f3w, \u017byrard\u00f3w","publisher":{"@id":"https:\/\/piekarniawitaszczyk.pl\/#organization"},"potentialAction":[{"@type":"SearchAction","target":{"@type":"EntryPoint","urlTemplate":"https:\/\/piekarniawitaszczyk.pl\/?s={search_term_string}"},"query-input":{"@type":"PropertyValueSpecification","valueRequired":true,"valueName":"search_term_string"}}],"inLanguage":"pl-PL"},{"@type":"Organization","@id":"https:\/\/piekarniawitaszczyk.pl\/#organization","name":"Piekarnia Witaszczyk zp. z o.o.","url":"https:\/\/piekarniawitaszczyk.pl\/","logo":{"@type":"ImageObject","inLanguage":"pl-PL","@id":"https:\/\/piekarniawitaszczyk.pl\/#\/schema\/logo\/image\/","url":"https:\/\/piekarniawitaszczyk.pl\/wp-content\/uploads\/2020\/03\/logo.jpg","contentUrl":"https:\/\/piekarniawitaszczyk.pl\/wp-content\/uploads\/2020\/03\/logo.jpg","width":298,"height":287,"caption":"Piekarnia Witaszczyk zp. z o.o."},"image":{"@id":"https:\/\/piekarniawitaszczyk.pl\/#\/schema\/logo\/image\/"},"sameAs":["https:\/\/www.facebook.com\/piekarniawitaszczyk"]}]}},"_links":{"self":[{"href":"https:\/\/piekarniawitaszczyk.pl\/index.php?rest_route=\/wp\/v2\/pages\/898","targetHints":{"allow":["GET"]}}],"collection":[{"href":"https:\/\/piekarniawitaszczyk.pl\/index.php?rest_route=\/wp\/v2\/pages"}],"about":[{"href":"https:\/\/piekarniawitaszczyk.pl\/index.php?rest_route=\/wp\/v2\/types\/page"}],"author":[{"embeddable":true,"href":"https:\/\/piekarniawitaszczyk.pl\/index.php?rest_route=\/wp\/v2\/users\/1"}],"replies":[{"embeddable":true,"href":"https:\/\/piekarniawitaszczyk.pl\/index.php?rest_route=%2Fwp%2Fv2%2Fcomments&post=898"}],"version-history":[{"count":1,"href":"https:\/\/piekarniawitaszczyk.pl\/index.php?rest_route=\/wp\/v2\/pages\/898\/revisions"}],"predecessor-version":[{"id":899,"href":"https:\/\/piekarniawitaszczyk.pl\/index.php?rest_route=\/wp\/v2\/pages\/898\/revisions\/899"}],"up":[{"embeddable":true,"href":"https:\/\/piekarniawitaszczyk.pl\/index.php?rest_route=\/wp\/v2\/pages\/868"}],"wp:attachment":[{"href":"https:\/\/piekarniawitaszczyk.pl\/index.php?rest_route=%2Fwp%2Fv2%2Fmedia&parent=898"}],"curies":[{"name":"wp","href":"https:\/\/api.w.org\/{rel}","templated":true}]}}