{"id":975,"date":"2019-03-15T10:03:56","date_gmt":"2019-03-15T10:03:56","guid":{"rendered":"http:\/\/piekarniajw.pl\/?page_id=975"},"modified":"2019-03-15T10:03:56","modified_gmt":"2019-03-15T10:03:56","slug":"pizza-hawajska","status":"publish","type":"page","link":"https:\/\/piekarniawitaszczyk.pl\/?page_id=975","title":{"rendered":"PIZZA HAWAJSKA"},"content":{"rendered":"<table>\n<tbody>\n<tr>\n<td width=\"50%\">70g oraz 120g (509 kcal\/ 2131 kJ w 100g)<\/td>\n<td style=\"vertical-align: middle; text-align: center;\" rowspan=\"4\"><img loading=\"lazy\" decoding=\"async\" class=\"alignright size-full wp-image-755\" src=\"http:\/\/piekarniawitaszczyk.pl\/wp-content\/uploads\/2019\/03\/pizza_hawajska.jpg\" alt=\"pizza_hawajska\" width=\"274\" height=\"206\" \/><img loading=\"lazy\" decoding=\"async\" class=\"alignright size-full wp-image-756\" src=\"http:\/\/piekarniawitaszczyk.pl\/wp-content\/uploads\/2019\/03\/pizza_hawajska2.jpg\" alt=\"pizza_hawajska2\" width=\"275\" height=\"206\" \/><\/td>\n<\/tr>\n<tr>\n<td>Przek\u0105ska na ciep\u0142o z sosem, szynk\u0105 konserwow\u0105, ananasem oraz serem.<\/td>\n<\/tr>\n<tr>\n<td><strong>Sk\u0142adniki<\/strong>: m\u0105ka pszenna, m\u0105ka pszenna z pszenicy durum, serwatka z mleka, s\u00f3l, przyprawy, emulgator, m\u0105ka sojowa, dro\u017cd\u017ce, woda, m\u0105ka \u017cytnia, cukier, m\u0105ka ziemniaczana, gluten pszenny, m\u0105ka sojowa, sos pizzowy (proszek pomidorowy, skrobia modyfikowana, papryka suszona p\u0142atki, s\u00f3l, cebula suszona, papryka ostra, aromat, koncentrat cebuli, barwniki, pieprz czarny) ser \u017c\u00f3\u0142ty, szynka konserwowa Morliny, ananas.<\/td>\n<\/tr>\n<tr>\n<td><em><span style=\"text-decoration: underline;\">Produkt zawiera gluten, jaja, mleko.<\/span><\/em><\/td>\n<\/tr>\n<\/tbody>\n<\/table>\n","protected":false},"excerpt":{"rendered":"<p>70g oraz 120g (509 kcal\/ 2131 kJ w 100g) Przek\u0105ska na ciep\u0142o z sosem, szynk\u0105 konserwow\u0105, ananasem oraz serem. Sk\u0142adniki: m\u0105ka pszenna, m\u0105ka pszenna z pszenicy durum, serwatka z mleka, s\u00f3l, przyprawy, emulgator, m\u0105ka sojowa, dro\u017cd\u017ce, woda, m\u0105ka \u017cytnia, cukier, m\u0105ka ziemniaczana, gluten pszenny, m\u0105ka sojowa, sos pizzowy (proszek pomidorowy, skrobia modyfikowana, papryka suszona p\u0142atki, s\u00f3l, cebula suszona, papryka ostra, aromat, koncentrat cebuli, barwniki, pieprz czarny) ser \u017c\u00f3\u0142ty, szynka konserwowa Morliny, ananas. Produkt zawiera gluten, jaja, mleko.<\/p>\n","protected":false},"author":1,"featured_media":0,"parent":963,"menu_order":0,"comment_status":"closed","ping_status":"closed","template":"","meta":{"footnotes":""},"class_list":["post-975","page","type-page","status-publish","hentry"],"yoast_head":"<!-- This site is optimized with the Yoast SEO plugin v27.2 - https:\/\/yoast.com\/product\/yoast-seo-wordpress\/ -->\n<title>PIZZA HAWAJSKA - Piekarnia Witaszczyk \u2013 tradycyjna piekarnia w Milan\u00f3wku<\/title>\n<meta name=\"robots\" content=\"index, follow, max-snippet:-1, max-image-preview:large, max-video-preview:-1\" \/>\n<link rel=\"canonical\" href=\"https:\/\/piekarniawitaszczyk.pl\/?page_id=975\" \/>\n<meta property=\"og:locale\" content=\"pl_PL\" \/>\n<meta property=\"og:type\" content=\"article\" \/>\n<meta property=\"og:title\" content=\"PIZZA HAWAJSKA - Piekarnia Witaszczyk \u2013 tradycyjna piekarnia w Milan\u00f3wku\" \/>\n<meta property=\"og:description\" content=\"70g oraz 120g (509 kcal\/ 2131 kJ w 100g) Przek\u0105ska na ciep\u0142o z sosem, szynk\u0105 konserwow\u0105, ananasem oraz serem. Sk\u0142adniki: m\u0105ka pszenna, m\u0105ka pszenna z pszenicy durum, serwatka z mleka, s\u00f3l, przyprawy, emulgator, m\u0105ka sojowa, dro\u017cd\u017ce, woda, m\u0105ka \u017cytnia, cukier, m\u0105ka ziemniaczana, gluten pszenny, m\u0105ka sojowa, sos pizzowy (proszek pomidorowy, skrobia modyfikowana, papryka suszona p\u0142atki, s\u00f3l, cebula suszona, papryka ostra, aromat, koncentrat cebuli, barwniki, pieprz czarny) ser \u017c\u00f3\u0142ty, szynka konserwowa Morliny, ananas. Produkt zawiera gluten, jaja, mleko.\" \/>\n<meta property=\"og:url\" content=\"https:\/\/piekarniawitaszczyk.pl\/?page_id=975\" \/>\n<meta property=\"og:site_name\" content=\"Piekarnia Witaszczyk \u2013 tradycyjna piekarnia w Milan\u00f3wku\" \/>\n<meta property=\"article:publisher\" content=\"https:\/\/www.facebook.com\/piekarniawitaszczyk\" \/>\n<meta property=\"og:image\" content=\"https:\/\/piekarniawitaszczyk.pl\/wp-content\/uploads\/2019\/03\/pizza_hawajska.jpg\" \/>\n\t<meta property=\"og:image:width\" content=\"274\" \/>\n\t<meta property=\"og:image:height\" content=\"206\" \/>\n\t<meta property=\"og:image:type\" content=\"image\/jpeg\" \/>\n<meta name=\"twitter:card\" content=\"summary_large_image\" \/>\n<script type=\"application\/ld+json\" class=\"yoast-schema-graph\">{\"@context\":\"https:\/\/schema.org\",\"@graph\":[{\"@type\":\"WebPage\",\"@id\":\"https:\/\/piekarniawitaszczyk.pl\/?page_id=975\",\"url\":\"https:\/\/piekarniawitaszczyk.pl\/?page_id=975\",\"name\":\"PIZZA HAWAJSKA - Piekarnia Witaszczyk \u2013 tradycyjna piekarnia w Milan\u00f3wku\",\"isPartOf\":{\"@id\":\"https:\/\/piekarniawitaszczyk.pl\/#website\"},\"primaryImageOfPage\":{\"@id\":\"https:\/\/piekarniawitaszczyk.pl\/?page_id=975#primaryimage\"},\"image\":{\"@id\":\"https:\/\/piekarniawitaszczyk.pl\/?page_id=975#primaryimage\"},\"thumbnailUrl\":\"http:\/\/piekarniawitaszczyk.pl\/wp-content\/uploads\/2019\/03\/pizza_hawajska.jpg\",\"datePublished\":\"2019-03-15T10:03:56+00:00\",\"breadcrumb\":{\"@id\":\"https:\/\/piekarniawitaszczyk.pl\/?page_id=975#breadcrumb\"},\"inLanguage\":\"pl-PL\",\"potentialAction\":[{\"@type\":\"ReadAction\",\"target\":[\"https:\/\/piekarniawitaszczyk.pl\/?page_id=975\"]}]},{\"@type\":\"ImageObject\",\"inLanguage\":\"pl-PL\",\"@id\":\"https:\/\/piekarniawitaszczyk.pl\/?page_id=975#primaryimage\",\"url\":\"https:\/\/piekarniawitaszczyk.pl\/wp-content\/uploads\/2019\/03\/pizza_hawajska.jpg\",\"contentUrl\":\"https:\/\/piekarniawitaszczyk.pl\/wp-content\/uploads\/2019\/03\/pizza_hawajska.jpg\",\"width\":274,\"height\":206},{\"@type\":\"BreadcrumbList\",\"@id\":\"https:\/\/piekarniawitaszczyk.pl\/?page_id=975#breadcrumb\",\"itemListElement\":[{\"@type\":\"ListItem\",\"position\":1,\"name\":\"Strona g\u0142\u00f3wna\",\"item\":\"https:\/\/piekarniawitaszczyk.pl\/\"},{\"@type\":\"ListItem\",\"position\":2,\"name\":\"PRODUKTY\",\"item\":\"https:\/\/piekarniawitaszczyk.pl\/?page_id=51\"},{\"@type\":\"ListItem\",\"position\":3,\"name\":\"WYROBY PIEKARNICZE\",\"item\":\"https:\/\/piekarniawitaszczyk.pl\/?page_id=143\"},{\"@type\":\"ListItem\",\"position\":4,\"name\":\"PRZEK\u0104SKI\",\"item\":\"https:\/\/piekarniawitaszczyk.pl\/?page_id=963\"},{\"@type\":\"ListItem\",\"position\":5,\"name\":\"PIZZA HAWAJSKA\"}]},{\"@type\":\"WebSite\",\"@id\":\"https:\/\/piekarniawitaszczyk.pl\/#website\",\"url\":\"https:\/\/piekarniawitaszczyk.pl\/\",\"name\":\"Piekarnia Witaszczyk \u2013 tradycyjna piekarnia w Milan\u00f3wku\",\"description\":\"Chleb na zakwasie, ciasta, sklepo-kawiarnie \u2013 Milan\u00f3wek, Grodzisk Mazowiecki, Brwin\u00f3w, Otr\u0119busy, Jaktor\u00f3w, Mi\u0119dzybor\u00f3w, \u017byrard\u00f3w\",\"publisher\":{\"@id\":\"https:\/\/piekarniawitaszczyk.pl\/#organization\"},\"potentialAction\":[{\"@type\":\"SearchAction\",\"target\":{\"@type\":\"EntryPoint\",\"urlTemplate\":\"https:\/\/piekarniawitaszczyk.pl\/?s={search_term_string}\"},\"query-input\":{\"@type\":\"PropertyValueSpecification\",\"valueRequired\":true,\"valueName\":\"search_term_string\"}}],\"inLanguage\":\"pl-PL\"},{\"@type\":\"Organization\",\"@id\":\"https:\/\/piekarniawitaszczyk.pl\/#organization\",\"name\":\"Piekarnia Witaszczyk zp. z o.o.\",\"url\":\"https:\/\/piekarniawitaszczyk.pl\/\",\"logo\":{\"@type\":\"ImageObject\",\"inLanguage\":\"pl-PL\",\"@id\":\"https:\/\/piekarniawitaszczyk.pl\/#\/schema\/logo\/image\/\",\"url\":\"https:\/\/piekarniawitaszczyk.pl\/wp-content\/uploads\/2020\/03\/logo.jpg\",\"contentUrl\":\"https:\/\/piekarniawitaszczyk.pl\/wp-content\/uploads\/2020\/03\/logo.jpg\",\"width\":298,\"height\":287,\"caption\":\"Piekarnia Witaszczyk zp. z o.o.\"},\"image\":{\"@id\":\"https:\/\/piekarniawitaszczyk.pl\/#\/schema\/logo\/image\/\"},\"sameAs\":[\"https:\/\/www.facebook.com\/piekarniawitaszczyk\"]}]}<\/script>\n<!-- \/ Yoast SEO plugin. -->","yoast_head_json":{"title":"PIZZA HAWAJSKA - Piekarnia Witaszczyk \u2013 tradycyjna piekarnia w Milan\u00f3wku","robots":{"index":"index","follow":"follow","max-snippet":"max-snippet:-1","max-image-preview":"max-image-preview:large","max-video-preview":"max-video-preview:-1"},"canonical":"https:\/\/piekarniawitaszczyk.pl\/?page_id=975","og_locale":"pl_PL","og_type":"article","og_title":"PIZZA HAWAJSKA - Piekarnia Witaszczyk \u2013 tradycyjna piekarnia w Milan\u00f3wku","og_description":"70g oraz 120g (509 kcal\/ 2131 kJ w 100g) Przek\u0105ska na ciep\u0142o z sosem, szynk\u0105 konserwow\u0105, ananasem oraz serem. Sk\u0142adniki: m\u0105ka pszenna, m\u0105ka pszenna z pszenicy durum, serwatka z mleka, s\u00f3l, przyprawy, emulgator, m\u0105ka sojowa, dro\u017cd\u017ce, woda, m\u0105ka \u017cytnia, cukier, m\u0105ka ziemniaczana, gluten pszenny, m\u0105ka sojowa, sos pizzowy (proszek pomidorowy, skrobia modyfikowana, papryka suszona p\u0142atki, s\u00f3l, cebula suszona, papryka ostra, aromat, koncentrat cebuli, barwniki, pieprz czarny) ser \u017c\u00f3\u0142ty, szynka konserwowa Morliny, ananas. Produkt zawiera gluten, jaja, mleko.","og_url":"https:\/\/piekarniawitaszczyk.pl\/?page_id=975","og_site_name":"Piekarnia Witaszczyk \u2013 tradycyjna piekarnia w Milan\u00f3wku","article_publisher":"https:\/\/www.facebook.com\/piekarniawitaszczyk","og_image":[{"width":274,"height":206,"url":"https:\/\/piekarniawitaszczyk.pl\/wp-content\/uploads\/2019\/03\/pizza_hawajska.jpg","type":"image\/jpeg"}],"twitter_card":"summary_large_image","schema":{"@context":"https:\/\/schema.org","@graph":[{"@type":"WebPage","@id":"https:\/\/piekarniawitaszczyk.pl\/?page_id=975","url":"https:\/\/piekarniawitaszczyk.pl\/?page_id=975","name":"PIZZA HAWAJSKA - Piekarnia Witaszczyk \u2013 tradycyjna piekarnia w Milan\u00f3wku","isPartOf":{"@id":"https:\/\/piekarniawitaszczyk.pl\/#website"},"primaryImageOfPage":{"@id":"https:\/\/piekarniawitaszczyk.pl\/?page_id=975#primaryimage"},"image":{"@id":"https:\/\/piekarniawitaszczyk.pl\/?page_id=975#primaryimage"},"thumbnailUrl":"http:\/\/piekarniawitaszczyk.pl\/wp-content\/uploads\/2019\/03\/pizza_hawajska.jpg","datePublished":"2019-03-15T10:03:56+00:00","breadcrumb":{"@id":"https:\/\/piekarniawitaszczyk.pl\/?page_id=975#breadcrumb"},"inLanguage":"pl-PL","potentialAction":[{"@type":"ReadAction","target":["https:\/\/piekarniawitaszczyk.pl\/?page_id=975"]}]},{"@type":"ImageObject","inLanguage":"pl-PL","@id":"https:\/\/piekarniawitaszczyk.pl\/?page_id=975#primaryimage","url":"https:\/\/piekarniawitaszczyk.pl\/wp-content\/uploads\/2019\/03\/pizza_hawajska.jpg","contentUrl":"https:\/\/piekarniawitaszczyk.pl\/wp-content\/uploads\/2019\/03\/pizza_hawajska.jpg","width":274,"height":206},{"@type":"BreadcrumbList","@id":"https:\/\/piekarniawitaszczyk.pl\/?page_id=975#breadcrumb","itemListElement":[{"@type":"ListItem","position":1,"name":"Strona g\u0142\u00f3wna","item":"https:\/\/piekarniawitaszczyk.pl\/"},{"@type":"ListItem","position":2,"name":"PRODUKTY","item":"https:\/\/piekarniawitaszczyk.pl\/?page_id=51"},{"@type":"ListItem","position":3,"name":"WYROBY PIEKARNICZE","item":"https:\/\/piekarniawitaszczyk.pl\/?page_id=143"},{"@type":"ListItem","position":4,"name":"PRZEK\u0104SKI","item":"https:\/\/piekarniawitaszczyk.pl\/?page_id=963"},{"@type":"ListItem","position":5,"name":"PIZZA HAWAJSKA"}]},{"@type":"WebSite","@id":"https:\/\/piekarniawitaszczyk.pl\/#website","url":"https:\/\/piekarniawitaszczyk.pl\/","name":"Piekarnia Witaszczyk \u2013 tradycyjna piekarnia w Milan\u00f3wku","description":"Chleb na zakwasie, ciasta, sklepo-kawiarnie \u2013 Milan\u00f3wek, Grodzisk Mazowiecki, Brwin\u00f3w, Otr\u0119busy, Jaktor\u00f3w, Mi\u0119dzybor\u00f3w, \u017byrard\u00f3w","publisher":{"@id":"https:\/\/piekarniawitaszczyk.pl\/#organization"},"potentialAction":[{"@type":"SearchAction","target":{"@type":"EntryPoint","urlTemplate":"https:\/\/piekarniawitaszczyk.pl\/?s={search_term_string}"},"query-input":{"@type":"PropertyValueSpecification","valueRequired":true,"valueName":"search_term_string"}}],"inLanguage":"pl-PL"},{"@type":"Organization","@id":"https:\/\/piekarniawitaszczyk.pl\/#organization","name":"Piekarnia Witaszczyk zp. z o.o.","url":"https:\/\/piekarniawitaszczyk.pl\/","logo":{"@type":"ImageObject","inLanguage":"pl-PL","@id":"https:\/\/piekarniawitaszczyk.pl\/#\/schema\/logo\/image\/","url":"https:\/\/piekarniawitaszczyk.pl\/wp-content\/uploads\/2020\/03\/logo.jpg","contentUrl":"https:\/\/piekarniawitaszczyk.pl\/wp-content\/uploads\/2020\/03\/logo.jpg","width":298,"height":287,"caption":"Piekarnia Witaszczyk zp. z o.o."},"image":{"@id":"https:\/\/piekarniawitaszczyk.pl\/#\/schema\/logo\/image\/"},"sameAs":["https:\/\/www.facebook.com\/piekarniawitaszczyk"]}]}},"_links":{"self":[{"href":"https:\/\/piekarniawitaszczyk.pl\/index.php?rest_route=\/wp\/v2\/pages\/975","targetHints":{"allow":["GET"]}}],"collection":[{"href":"https:\/\/piekarniawitaszczyk.pl\/index.php?rest_route=\/wp\/v2\/pages"}],"about":[{"href":"https:\/\/piekarniawitaszczyk.pl\/index.php?rest_route=\/wp\/v2\/types\/page"}],"author":[{"embeddable":true,"href":"https:\/\/piekarniawitaszczyk.pl\/index.php?rest_route=\/wp\/v2\/users\/1"}],"replies":[{"embeddable":true,"href":"https:\/\/piekarniawitaszczyk.pl\/index.php?rest_route=%2Fwp%2Fv2%2Fcomments&post=975"}],"version-history":[{"count":2,"href":"https:\/\/piekarniawitaszczyk.pl\/index.php?rest_route=\/wp\/v2\/pages\/975\/revisions"}],"predecessor-version":[{"id":977,"href":"https:\/\/piekarniawitaszczyk.pl\/index.php?rest_route=\/wp\/v2\/pages\/975\/revisions\/977"}],"up":[{"embeddable":true,"href":"https:\/\/piekarniawitaszczyk.pl\/index.php?rest_route=\/wp\/v2\/pages\/963"}],"wp:attachment":[{"href":"https:\/\/piekarniawitaszczyk.pl\/index.php?rest_route=%2Fwp%2Fv2%2Fmedia&parent=975"}],"curies":[{"name":"wp","href":"https:\/\/api.w.org\/{rel}","templated":true}]}}